{"id":5628,"date":"2020-02-17T14:59:59","date_gmt":"2020-02-17T14:59:59","guid":{"rendered":"https:\/\/preprod.travelbrands.com\/a-propos-de-nous\/"},"modified":"2024-09-04T20:23:31","modified_gmt":"2024-09-04T20:23:31","slug":"a-propos-de-nous","status":"publish","type":"page","link":"https:\/\/www.travelbrands.com\/fr\/a-propos-de-nous\/","title":{"rendered":"\u00c0 propos de nous"},"content":{"rendered":"\t\t<div data-elementor-type=\"wp-page\" data-elementor-id=\"5628\" class=\"elementor elementor-5628 elementor-161\">\n\t\t\t\t\t\t\t\t\t<section class=\"elementor-section elementor-top-section elementor-element elementor-element-31e82332 elementor-section-stretched elementor-section-content-middle elementor-section-boxed elementor-section-height-default elementor-section-height-default\" data-id=\"31e82332\" data-element_type=\"section\" data-settings=\"{&quot;stretch_section&quot;:&quot;section-stretched&quot;,&quot;background_background&quot;:&quot;classic&quot;}\">\n\t\t\t\t\t\t\t<div class=\"elementor-background-overlay\"><\/div>\n\t\t\t\t\t\t\t<div class=\"elementor-container elementor-column-gap-no\">\n\t\t\t\t\t<div class=\"elementor-column elementor-col-50 elementor-top-column elementor-element elementor-element-798f6e0f\" data-id=\"798f6e0f\" data-element_type=\"column\">\n\t\t\t<div class=\"elementor-widget-wrap elementor-element-populated\">\n\t\t\t\t\t\t\t\t<div class=\"elementor-element elementor-element-b4d9bbf elementor-widget elementor-widget-gyan_animated_text\" data-id=\"b4d9bbf\" data-element_type=\"widget\" data-widget_type=\"gyan_animated_text.default\">\n\t\t\t\t<div class=\"elementor-widget-container\">\n\t\t\t\t\t<div class=\"gyan-animated-text\"\r\n\t\tdata-animated-text=\"Travel@@Brands@@\"\r\n\t\tdata-anim=\"typing\"\r\n\t\tdata-speed=\"100\"\r\n\t\tdata-delay=\"2000\"\r\n\t\tdata-cursor=\"yes\"\r\n\t\tdata-loop=\"yes\">\r\n\t\t\t<h2 class=\"gyan-animated-text-tag\"><span class=\"gyan-animated-text-prefix\">\u00c0 propos de <\/span> <span class=\"gyan-animated-text-strings\">Travel<\/span> <span class=\"gyan-animated-text-suffix\">.<\/span><\/h2>\r\n\t\t<\/div><!-- .gyan-animated-text -->\r\n\t\t\t\t<\/div>\n\t\t\t\t<\/div>\n\t\t\t\t<div class=\"elementor-element elementor-element-12d5aa2f elementor-widget elementor-widget-heading\" data-id=\"12d5aa2f\" data-element_type=\"widget\" data-widget_type=\"heading.default\">\n\t\t\t\t<div class=\"elementor-widget-container\">\n\t\t\t<style>\/*! elementor - v3.13.3 - 28-05-2023 *\/\n.elementor-heading-title{padding:0;margin:0;line-height:1}.elementor-widget-heading .elementor-heading-title[class*=elementor-size-]>a{color:inherit;font-size:inherit;line-height:inherit}.elementor-widget-heading .elementor-heading-title.elementor-size-small{font-size:15px}.elementor-widget-heading .elementor-heading-title.elementor-size-medium{font-size:19px}.elementor-widget-heading .elementor-heading-title.elementor-size-large{font-size:29px}.elementor-widget-heading .elementor-heading-title.elementor-size-xl{font-size:39px}.elementor-widget-heading .elementor-heading-title.elementor-size-xxl{font-size:59px}<\/style><h2 class=\"elementor-heading-title elementor-size-default\">Notre mission<\/h2>\t\t<\/div>\n\t\t\t\t<\/div>\n\t\t\t\t<div class=\"elementor-element elementor-element-b3a7b8b elementor-widget elementor-widget-text-editor\" data-id=\"b3a7b8b\" data-element_type=\"widget\" data-widget_type=\"text-editor.default\">\n\t\t\t\t<div class=\"elementor-widget-container\">\n\t\t\t<style>\/*! elementor - v3.13.3 - 28-05-2023 *\/\n.elementor-widget-text-editor.elementor-drop-cap-view-stacked .elementor-drop-cap{background-color:#69727d;color:#fff}.elementor-widget-text-editor.elementor-drop-cap-view-framed .elementor-drop-cap{color:#69727d;border:3px solid;background-color:transparent}.elementor-widget-text-editor:not(.elementor-drop-cap-view-default) .elementor-drop-cap{margin-top:8px}.elementor-widget-text-editor:not(.elementor-drop-cap-view-default) .elementor-drop-cap-letter{width:1em;height:1em}.elementor-widget-text-editor .elementor-drop-cap{float:left;text-align:center;line-height:1;font-size:50px}.elementor-widget-text-editor .elementor-drop-cap-letter{display:inline-block}<\/style>\t\t\t\t<p>Notre mission est de rendre le voyage l\u00e9gendaire en offrant aux agents de voyages et aux voyageurs canadiens des solutions innovatrices qui rendent la planification et la r\u00e9servation de voyages faciles, efficaces et agr\u00e9ables. Nous nous effor\u00e7ons de d\u00e9passer les attentes en offrant un service \u00e0 la client\u00e8le exceptionnel et un soutien personnalis\u00e9 tout en proposant un large \u00e9ventail d\u2019options pour r\u00e9pondre \u00e0 tous les besoins en mati\u00e8re de voyage.<\/p>\t\t\t\t\t\t<\/div>\n\t\t\t\t<\/div>\n\t\t\t\t<div class=\"elementor-element elementor-element-3d99be6 elementor-widget elementor-widget-heading\" data-id=\"3d99be6\" data-element_type=\"widget\" data-widget_type=\"heading.default\">\n\t\t\t\t<div class=\"elementor-widget-container\">\n\t\t\t<h2 class=\"elementor-heading-title elementor-size-default\">Notre vision<\/h2>\t\t<\/div>\n\t\t\t\t<\/div>\n\t\t\t\t<div class=\"elementor-element elementor-element-34540a16 elementor-widget elementor-widget-text-editor\" data-id=\"34540a16\" data-element_type=\"widget\" data-widget_type=\"text-editor.default\">\n\t\t\t\t<div class=\"elementor-widget-container\">\n\t\t\t\t\t\t\tNotre vision est de transformer l\u2019industrie du voyage au Canada en r\u00e9volutionnant la planification et la r\u00e9servation de voyages. Nous visons \u00e0 devenir le principal innovateur en mati\u00e8re de technologie du voyage en proposant des solutions de pointe qui rendent la planification et la r\u00e9servation de voyages faciles, pratiques et personnalis\u00e9es. Notre but ultime est de donner aux voyageurs et aux agents de voyages les moyens d\u2019explorer le monde avec aise et confiance.\t\t\t\t\t\t<\/div>\n\t\t\t\t<\/div>\n\t\t\t\t<div class=\"elementor-element elementor-element-28698eb4 elementor-widget elementor-widget-heading\" data-id=\"28698eb4\" data-element_type=\"widget\" data-widget_type=\"heading.default\">\n\t\t\t\t<div class=\"elementor-widget-container\">\n\t\t\t<h2 class=\"elementor-heading-title elementor-size-default\">Notre promesse<\/h2>\t\t<\/div>\n\t\t\t\t<\/div>\n\t\t\t\t<div class=\"elementor-element elementor-element-4e16b3bd elementor-widget elementor-widget-text-editor\" data-id=\"4e16b3bd\" data-element_type=\"widget\" data-widget_type=\"text-editor.default\">\n\t\t\t\t<div class=\"elementor-widget-container\">\n\t\t\t\t\t\t\tNotre promesse est d\u2019aller au-del\u00e0 des attentes afin de garantir \u00e0 nos clients un service et un soutien exceptionnels avant, pendant et apr\u00e8s leur voyage. Vous pouvez \u00eatre assur\u00e9 que nous serons l\u00e0 \u00e0 chaque \u00e9tape du processus pour fournir des solutions rapides et efficaces \u00e0 tout probl\u00e8me li\u00e9 au voyage qui pourrait survenir. Notre \u00e9quipe de professionnels exp\u00e9riment\u00e9s se consacre \u00e0 fournir un service personnalis\u00e9 et un soutien adapt\u00e9 \u00e0 vos besoins et vos pr\u00e9f\u00e9rences uniques. Nous promettons de rendre votre exp\u00e9rience de voyage aussi fluide et sans stress que possible afin que vous puissiez profiter au maximum de votre voyage.\t\t\t\t\t\t<\/div>\n\t\t\t\t<\/div>\n\t\t\t\t<div class=\"elementor-element elementor-element-16a6e950 elementor-widget elementor-widget-button\" data-id=\"16a6e950\" data-element_type=\"widget\" data-widget_type=\"button.default\">\n\t\t\t\t<div class=\"elementor-widget-container\">\n\t\t\t\t\t<div class=\"elementor-button-wrapper\">\n\t\t\t<a href=\"https:\/\/preprod.travelbrands.com\/our-mission\/\" class=\"elementor-button-link elementor-button elementor-size-sm\" role=\"button\">\n\t\t\t\t\t\t<span class=\"elementor-button-content-wrapper\">\n\t\t\t\t\t\t<span class=\"elementor-button-text\">EN SAVOIR PLUS<\/span>\n\t\t<\/span>\n\t\t\t\t\t<\/a>\n\t\t<\/div>\n\t\t\t\t<\/div>\n\t\t\t\t<\/div>\n\t\t\t\t\t<\/div>\n\t\t<\/div>\n\t\t\t\t<div class=\"elementor-column elementor-col-50 elementor-top-column elementor-element elementor-element-277e46e\" data-id=\"277e46e\" data-element_type=\"column\">\n\t\t\t<div class=\"elementor-widget-wrap elementor-element-populated\">\n\t\t\t\t\t\t\t\t<div class=\"elementor-element elementor-element-f3e00e8 elementor-invisible elementor-widget elementor-widget-image\" data-id=\"f3e00e8\" data-element_type=\"widget\" data-settings=\"{&quot;_animation&quot;:&quot;zoomIn&quot;}\" data-widget_type=\"image.default\">\n\t\t\t\t<div class=\"elementor-widget-container\">\n\t\t\t<style>\/*! elementor - v3.13.3 - 28-05-2023 *\/\n.elementor-widget-image{text-align:center}.elementor-widget-image a{display:inline-block}.elementor-widget-image a img[src$=\".svg\"]{width:48px}.elementor-widget-image img{vertical-align:middle;display:inline-block}<\/style>\t\t\t\t\t\t\t\t\t\t\t\t<img loading=\"lazy\" decoding=\"async\" width=\"415\" height=\"540\" src=\"https:\/\/www.travelbrands.com\/wp-content\/uploads\/2023\/03\/airplane-window.png\" class=\"attachment-full size-full wp-image-5234\" alt=\"\" srcset=\"https:\/\/www.travelbrands.com\/wp-content\/uploads\/2023\/03\/airplane-window.png 415w, https:\/\/www.travelbrands.com\/wp-content\/uploads\/2023\/03\/airplane-window-231x300.png 231w\" sizes=\"auto, (max-width: 415px) 100vw, 415px\" \/>\t\t\t\t\t\t\t\t\t\t\t\t\t\t\t<\/div>\n\t\t\t\t<\/div>\n\t\t\t\t\t<\/div>\n\t\t<\/div>\n\t\t\t\t\t\t\t<\/div>\n\t\t<\/section>\n\t\t\t\t<section class=\"elementor-section elementor-top-section elementor-element elementor-element-3a758f5 elementor-section-stretched elementor-section-content-top elementor-section-boxed elementor-section-height-default elementor-section-height-default\" data-id=\"3a758f5\" data-element_type=\"section\" data-settings=\"{&quot;stretch_section&quot;:&quot;section-stretched&quot;,&quot;background_background&quot;:&quot;classic&quot;}\">\n\t\t\t\t\t\t\t<div class=\"elementor-background-overlay\"><\/div>\n\t\t\t\t\t\t\t<div class=\"elementor-container elementor-column-gap-no\">\n\t\t\t\t\t<div class=\"elementor-column elementor-col-100 elementor-top-column elementor-element elementor-element-fccb1f9\" data-id=\"fccb1f9\" data-element_type=\"column\">\n\t\t\t<div class=\"elementor-widget-wrap elementor-element-populated\">\n\t\t\t\t\t\t\t\t<div class=\"elementor-element elementor-element-4f37209 elementor-widget elementor-widget-image\" data-id=\"4f37209\" data-element_type=\"widget\" data-widget_type=\"image.default\">\n\t\t\t\t<div class=\"elementor-widget-container\">\n\t\t\t\t\t\t\t\t\t\t\t\t\t\t\t<img loading=\"lazy\" decoding=\"async\" width=\"82\" height=\"82\" src=\"https:\/\/www.travelbrands.com\/wp-content\/uploads\/2023\/03\/plane-icon.png\" class=\"attachment-full size-full wp-image-5266\" alt=\"\" \/>\t\t\t\t\t\t\t\t\t\t\t\t\t\t\t<\/div>\n\t\t\t\t<\/div>\n\t\t\t\t<div class=\"elementor-element elementor-element-c7dc251 elementor-widget elementor-widget-heading\" data-id=\"c7dc251\" data-element_type=\"widget\" data-widget_type=\"heading.default\">\n\t\t\t\t<div class=\"elementor-widget-container\">\n\t\t\t<h2 class=\"elementor-heading-title elementor-size-default\">NOUS PERMETTONS AUX AGENTS D\u2019ACC\u00c9DER AU MONDE ENTIER<\/h2>\t\t<\/div>\n\t\t\t\t<\/div>\n\t\t\t\t<div class=\"elementor-element elementor-element-aa70917 elementor-widget elementor-widget-text-editor\" data-id=\"aa70917\" data-element_type=\"widget\" data-widget_type=\"text-editor.default\">\n\t\t\t\t<div class=\"elementor-widget-container\">\n\t\t\t\t\t\t\tVoyages TravelBrands est le principal voyagiste \u00e0 guichet unique en Am\u00e9rique du Nord, compos\u00e9 de divisions de vente en gros et de vente au d\u00e9tail avec de solides partenariats mondiaux. Une division de H.I.S. \u2013 Red Label Vactions Inc., Voyages TravelBrands permet aux agents et aux consommateurs d&rsquo;acc\u00e9der au monde entier tout en contribuant \u00e0 faire progresser l&rsquo;industrie de fa\u00e7on importante. En se concentrant sur un service ax\u00e9 sur le client, des technologies innovantes et un commerce omnicanal, Voyages TravelBrands offre une exp\u00e9rience de voyage sans faille qui r\u00e9pond aux besoins du voyageur d&rsquo;aujourd&rsquo;hui.\t\t\t\t\t\t<\/div>\n\t\t\t\t<\/div>\n\t\t\t\t\t<\/div>\n\t\t<\/div>\n\t\t\t\t\t\t\t<\/div>\n\t\t<\/section>\n\t\t\t\t\t\t\t<\/div>\n\t\t","protected":false},"excerpt":{"rendered":"<p>\u00c0 propos de Travel . Notre mission Notre mission est de rendre le voyage l\u00e9gendaire en offrant aux agents de voyages et aux voyageurs canadiens des solutions innovatrices qui rendent la planification et la r\u00e9servation de voyages faciles, efficaces et agr\u00e9ables. Nous nous effor\u00e7ons de d\u00e9passer les attentes en offrant [&hellip;]<\/p>\n","protected":false},"author":1,"featured_media":0,"parent":0,"menu_order":0,"comment_status":"closed","ping_status":"closed","template":"elementor_header_footer","meta":{"footnotes":""},"class_list":["post-5628","page","type-page","status-publish","hentry"],"_links":{"self":[{"href":"https:\/\/www.travelbrands.com\/fr\/wp-json\/wp\/v2\/pages\/5628","targetHints":{"allow":["GET"]}}],"collection":[{"href":"https:\/\/www.travelbrands.com\/fr\/wp-json\/wp\/v2\/pages"}],"about":[{"href":"https:\/\/www.travelbrands.com\/fr\/wp-json\/wp\/v2\/types\/page"}],"author":[{"embeddable":true,"href":"https:\/\/www.travelbrands.com\/fr\/wp-json\/wp\/v2\/users\/1"}],"replies":[{"embeddable":true,"href":"https:\/\/www.travelbrands.com\/fr\/wp-json\/wp\/v2\/comments?post=5628"}],"version-history":[{"count":8,"href":"https:\/\/www.travelbrands.com\/fr\/wp-json\/wp\/v2\/pages\/5628\/revisions"}],"predecessor-version":[{"id":5636,"href":"https:\/\/www.travelbrands.com\/fr\/wp-json\/wp\/v2\/pages\/5628\/revisions\/5636"}],"wp:attachment":[{"href":"https:\/\/www.travelbrands.com\/fr\/wp-json\/wp\/v2\/media?parent=5628"}],"curies":[{"name":"wp","href":"https:\/\/api.w.org\/{rel}","templated":true}]}}