{"id":5637,"date":"2023-03-16T08:02:13","date_gmt":"2023-03-16T08:02:13","guid":{"rendered":"https:\/\/preprod.travelbrands.com\/rencontrez-lequipe\/"},"modified":"2024-09-04T21:01:18","modified_gmt":"2024-09-04T21:01:18","slug":"rencontrez-lequipe","status":"publish","type":"page","link":"https:\/\/www.travelbrands.com\/fr\/rencontrez-lequipe\/","title":{"rendered":"Rencontrez l&rsquo;\u00e9quipe"},"content":{"rendered":"\t\t<div data-elementor-type=\"wp-page\" data-elementor-id=\"5637\" class=\"elementor elementor-5637 elementor-2136\">\n\t\t\t\t\t\t\t\t\t<section class=\"elementor-section elementor-top-section elementor-element elementor-element-2d41723c elementor-section-stretched elementor-section-content-bottom elementor-section-boxed elementor-section-height-default elementor-section-height-default\" data-id=\"2d41723c\" data-element_type=\"section\" data-settings=\"{&quot;stretch_section&quot;:&quot;section-stretched&quot;}\">\n\t\t\t\t\t\t<div class=\"elementor-container elementor-column-gap-no\">\n\t\t\t\t\t<div class=\"elementor-column elementor-col-100 elementor-top-column elementor-element elementor-element-6a59d43d\" data-id=\"6a59d43d\" data-element_type=\"column\">\n\t\t\t<div class=\"elementor-widget-wrap elementor-element-populated\">\n\t\t\t\t\t\t\t\t<section class=\"elementor-section elementor-inner-section elementor-element elementor-element-54ce6fa4 elementor-section-content-middle elementor-reverse-mobile elementor-section-boxed elementor-section-height-default elementor-section-height-default\" data-id=\"54ce6fa4\" data-element_type=\"section\">\n\t\t\t\t\t\t<div class=\"elementor-container elementor-column-gap-no\">\n\t\t\t\t\t<div class=\"elementor-column elementor-col-100 elementor-inner-column elementor-element elementor-element-16751f65 elementor-invisible\" data-id=\"16751f65\" data-element_type=\"column\" data-settings=\"{&quot;animation&quot;:&quot;fadeInRight&quot;}\">\n\t\t\t<div class=\"elementor-widget-wrap elementor-element-populated\">\n\t\t\t\t\t\t\t\t<div class=\"elementor-element elementor-element-53e8414 elementor-widget elementor-widget-image\" data-id=\"53e8414\" data-element_type=\"widget\" data-widget_type=\"image.default\">\n\t\t\t\t<div class=\"elementor-widget-container\">\n\t\t\t<style>\/*! elementor - v3.13.3 - 28-05-2023 *\/\n.elementor-widget-image{text-align:center}.elementor-widget-image a{display:inline-block}.elementor-widget-image a img[src$=\".svg\"]{width:48px}.elementor-widget-image img{vertical-align:middle;display:inline-block}<\/style>\t\t\t\t\t\t\t\t\t\t\t\t<img loading=\"lazy\" decoding=\"async\" width=\"380\" height=\"380\" src=\"https:\/\/www.travelbrands.com\/wp-content\/uploads\/2023\/06\/Nathalie-Tanious-3.jpg\" class=\"attachment-full size-full wp-image-5494\" alt=\"\" srcset=\"https:\/\/www.travelbrands.com\/wp-content\/uploads\/2023\/06\/Nathalie-Tanious-3.jpg 380w, https:\/\/www.travelbrands.com\/wp-content\/uploads\/2023\/06\/Nathalie-Tanious-3-300x300.jpg 300w, https:\/\/www.travelbrands.com\/wp-content\/uploads\/2023\/06\/Nathalie-Tanious-3-150x150.jpg 150w, https:\/\/www.travelbrands.com\/wp-content\/uploads\/2023\/06\/Nathalie-Tanious-3-90x90.jpg 90w\" sizes=\"auto, (max-width: 380px) 100vw, 380px\" \/>\t\t\t\t\t\t\t\t\t\t\t\t\t\t\t<\/div>\n\t\t\t\t<\/div>\n\t\t\t\t<div class=\"elementor-element elementor-element-2b874ece gyan-title-st-line-after elementor-widget elementor-widget-gyan_title\" data-id=\"2b874ece\" data-element_type=\"widget\" data-widget_type=\"gyan_title.default\">\n\t\t\t\t<div class=\"elementor-widget-container\">\n\t\t\t\t\t<div class=\"gyan-title\">\r\n\t\t\t<div class=\"gyan-title-subtitle\"><span>Pr\u00e9sidente et  CEO<\/span><\/div><h2 class=\"gyan-title-heading\">Nathalie Tanious<\/h2>\t\t<\/div>\r\n\t\t\t\t<\/div>\n\t\t\t\t<\/div>\n\t\t\t\t\t<\/div>\n\t\t<\/div>\n\t\t\t\t\t\t\t<\/div>\n\t\t<\/section>\n\t\t\t\t\t<\/div>\n\t\t<\/div>\n\t\t\t\t\t\t\t<\/div>\n\t\t<\/section>\n\t\t\t\t<section class=\"elementor-section elementor-top-section elementor-element elementor-element-68bc1843 elementor-section-stretched elementor-section-boxed elementor-section-height-default elementor-section-height-default\" data-id=\"68bc1843\" data-element_type=\"section\" data-settings=\"{&quot;stretch_section&quot;:&quot;section-stretched&quot;}\">\n\t\t\t\t\t\t<div class=\"elementor-container elementor-column-gap-no\">\n\t\t\t\t\t<div class=\"elementor-column elementor-col-100 elementor-top-column elementor-element elementor-element-4b31b96 elementor-invisible\" data-id=\"4b31b96\" data-element_type=\"column\" data-settings=\"{&quot;animation&quot;:&quot;fadeInUp&quot;}\">\n\t\t\t<div class=\"elementor-widget-wrap elementor-element-populated\">\n\t\t\t\t\t\t\t\t<div class=\"elementor-element elementor-element-18822ba elementor-widget elementor-widget-text-editor\" data-id=\"18822ba\" data-element_type=\"widget\" data-widget_type=\"text-editor.default\">\n\t\t\t\t<div class=\"elementor-widget-container\">\n\t\t\t<style>\/*! elementor - v3.13.3 - 28-05-2023 *\/\n.elementor-widget-text-editor.elementor-drop-cap-view-stacked .elementor-drop-cap{background-color:#69727d;color:#fff}.elementor-widget-text-editor.elementor-drop-cap-view-framed .elementor-drop-cap{color:#69727d;border:3px solid;background-color:transparent}.elementor-widget-text-editor:not(.elementor-drop-cap-view-default) .elementor-drop-cap{margin-top:8px}.elementor-widget-text-editor:not(.elementor-drop-cap-view-default) .elementor-drop-cap-letter{width:1em;height:1em}.elementor-widget-text-editor .elementor-drop-cap{float:left;text-align:center;line-height:1;font-size:50px}.elementor-widget-text-editor .elementor-drop-cap-letter{display:inline-block}<\/style>\t\t\t\t<p>Nathalie Tanious se pr\u00e9sente comme une leader visionnaire en sa qualit\u00e9 de pr\u00e9sidente-directrice g\u00e9n\u00e9rale (PDG), exer\u00e7ant une influence transformatrice sur les divisions multiformes de l\u2019organisation. Son style de leadership dynamique est marqu\u00e9 par un engagement in\u00e9branlable en faveur de la croissance et de l\u2019innovation dans tous les secteurs. En tant que gardienne de notre parcours continu, Nathalie est \u00e0 l\u2019origine d\u2019initiatives novatrices destin\u00e9es \u00e0 propulser nos diverses gammes de produits vers de nouveaux sommets de r\u00e9ussite.<\/p><p>Avant son illustre mandat chez Voyages TravelBrands, Nathalie a occup\u00e9 des postes distingu\u00e9s, y compris ceux de vice-pr\u00e9sidente du d\u00e9veloppement international chez Vacances Air Canada et de vice-pr\u00e9sidente des croisi\u00e8res chez Thomas Cook Canada, o\u00f9 elle a assur\u00e9 la direction strat\u00e9gique de Croisi\u00e8res Encore. Elle a \u00e9galement jou\u00e9 un r\u00f4le cl\u00e9 en tant que directrice du marketing national et du d\u00e9veloppement de produits chez Intair, ce qui a consolid\u00e9 sa r\u00e9putation d\u2019experte chevronn\u00e9e dans l\u2019industrie du voyage.<\/p><p>Ce qui distingue Nathalie est non seulement sa grande exp\u00e9rience dans le secteur, mais aussi son esprit visionnaire. Elle poss\u00e8de une capacit\u00e9 inn\u00e9e \u00e0 pr\u00e9voir les tendances du march\u00e9 et \u00e0 les traduire en strat\u00e9gies innovantes, ce qui a permis \u00e0 notre organisation de cro\u00eetre. Son sens du leadership s\u2019appuie sur ses r\u00e9alisations acad\u00e9miques, dont un dipl\u00f4me de l\u2019Institut du Tourisme et de l\u2019H\u00f4tellerie du Qu\u00e9bec, compl\u00e9t\u00e9 par des certificats d\u2019institutions prestigieuses telles que l\u2019Universit\u00e9 McGill et l\u2019Universit\u00e9 de Montr\u00e9al.<\/p><p>Nathalie Tanious incarne non seulement des qualit\u00e9s de leadership exceptionnelles, mais elle favorise \u00e9galement une culture de collaboration, d\u2019innovation et d\u2019avant-gardisme au sein de notre organisation. Son d\u00e9vouement in\u00e9branlable \u00e0 repousser les limites et \u00e0 explorer de nouveaux horizons est une source d\u2019inspiration pour toute notre \u00e9quipe, nous propulsant vers un avenir rempli de possibilit\u00e9s et de r\u00e9alisations illimit\u00e9es.<\/p><p>Sous la direction visionnaire de Nathalie, Voyages TravelBrands est pr\u00eat \u00e0 atteindre des sommets sans pr\u00e9c\u00e9dent dans le paysage en constante \u00e9volution de l\u2019industrie du voyage.<\/p>\t\t\t\t\t\t<\/div>\n\t\t\t\t<\/div>\n\t\t\t\t\t<\/div>\n\t\t<\/div>\n\t\t\t\t\t\t\t<\/div>\n\t\t<\/section>\n\t\t\t\t<section class=\"elementor-section elementor-top-section elementor-element elementor-element-a0c78b4 elementor-section-stretched elementor-section-boxed elementor-section-height-default elementor-section-height-default\" data-id=\"a0c78b4\" data-element_type=\"section\" data-settings=\"{&quot;stretch_section&quot;:&quot;section-stretched&quot;,&quot;background_background&quot;:&quot;classic&quot;}\">\n\t\t\t\t\t\t<div class=\"elementor-container elementor-column-gap-no\">\n\t\t\t\t\t<div class=\"elementor-column elementor-col-100 elementor-top-column elementor-element elementor-element-f11f00c\" data-id=\"f11f00c\" data-element_type=\"column\">\n\t\t\t<div class=\"elementor-widget-wrap elementor-element-populated\">\n\t\t\t\t\t\t\t\t<section class=\"elementor-section elementor-inner-section elementor-element elementor-element-6204726 elementor-section-boxed elementor-section-height-default elementor-section-height-default\" data-id=\"6204726\" data-element_type=\"section\">\n\t\t\t\t\t\t<div class=\"elementor-container elementor-column-gap-no\">\n\t\t\t\t\t<div class=\"elementor-column elementor-col-100 elementor-inner-column elementor-element elementor-element-7cb195d\" data-id=\"7cb195d\" data-element_type=\"column\">\n\t\t\t<div class=\"elementor-widget-wrap elementor-element-populated\">\n\t\t\t\t\t\t\t\t<div class=\"elementor-element elementor-element-77175ad elementor-invisible elementor-widget elementor-widget-gyan_title\" data-id=\"77175ad\" data-element_type=\"widget\" data-settings=\"{&quot;_animation&quot;:&quot;fadeInDown&quot;}\" data-widget_type=\"gyan_title.default\">\n\t\t\t\t<div class=\"elementor-widget-container\">\n\t\t\t\t\t<div class=\"gyan-title\">\r\n\t\t\t<h2 class=\"gyan-title-heading\">Rencontrez l\u2019\u00e9quipe<\/h2>\t\t<\/div>\r\n\t\t\t\t<\/div>\n\t\t\t\t<\/div>\n\t\t\t\t\t<\/div>\n\t\t<\/div>\n\t\t\t\t\t\t\t<\/div>\n\t\t<\/section>\n\t\t\t\t<div class=\"elementor-element elementor-element-52f5d49 team_section elementor-grid-4 elementor-grid-tablet-2 elementor-grid-mobile-1 elementor-invisible elementor-widget elementor-widget-gyan_team\" data-id=\"52f5d49\" data-element_type=\"widget\" data-settings=\"{&quot;_animation&quot;:&quot;zoomIn&quot;,&quot;columns&quot;:&quot;4&quot;,&quot;columns_tablet&quot;:&quot;2&quot;,&quot;columns_mobile&quot;:&quot;1&quot;}\" data-widget_type=\"gyan_team.default\">\n\t\t\t\t<div class=\"elementor-widget-container\">\n\t\t\t\r\n         <div class=\"gyan-team gyan-team-52f5d49\" data-layout=\"grid\" data-rtl=\"false\">\r\n            <div class=\"gyan-team-grid gyan-elementor-grid\">\r\n\r\n            \r\n        \t\t<div class=\"gyan-team-item gyan-grid-item-wrap\">\r\n                    <div class=\"gyan-team-item-inner gyan-grid-item\">\r\n\r\n            \t\t\t<div class=\"gyan-team-image\">\r\n            \t\t\t\t<a href=\"\/fr\/rencontrez-lequipe\/diane-lattavo\/\" class=\"gyan-team-link gyan-team-img-link\"><\/a><img loading=\"lazy\" decoding=\"async\" width=\"450\" height=\"450\" src=\"https:\/\/www.travelbrands.com\/wp-content\/uploads\/2023\/06\/Diane-L.jpg\" class=\"attachment-full size-full\" alt=\"\" srcset=\"https:\/\/www.travelbrands.com\/wp-content\/uploads\/2023\/06\/Diane-L.jpg 450w, https:\/\/www.travelbrands.com\/wp-content\/uploads\/2023\/06\/Diane-L-300x300.jpg 300w, https:\/\/www.travelbrands.com\/wp-content\/uploads\/2023\/06\/Diane-L-150x150.jpg 150w, https:\/\/www.travelbrands.com\/wp-content\/uploads\/2023\/06\/Diane-L-90x90.jpg 90w\" sizes=\"auto, (max-width: 450px) 100vw, 450px\" \/>\r\n                                <div class=\"gyan-team-social\">\r\n                \t\t\t\t\t<ul class=\"gyan-ease-transition\">\r\n                                                                                                                                                                    <li><a href=\"https:\/\/www.linkedin.com\/in\/diane-lattavo-5b5601143\/\" class=\"gyan-icon\" target=\"_blank\"><i aria-hidden=\"true\" class=\"fab fa-linkedin-in\"><\/i><\/a><\/li>\r\n                                                                                                \t\t\t\t\t<\/ul>\r\n                \t\t\t\t<\/div>\r\n\r\n                                                    <\/div>\r\n\r\n                                                    <div class=\"gyan-team-share-icon\"><span><i class=\"fas fa-share-alt\"><\/i><\/span><\/div>\r\n                        \r\n                        <div class=\"gyan-team-content gyan-ease-transition\">\r\n            \t\t\t\t<div class=\"gyan-team-name\"><h6  class=\"gyan-team-name-tag\"><a href=\"\/fr\/rencontrez-lequipe\/diane-lattavo\/\" class=\"gyan-team-link\">Diane Lattavo<\/a><\/h6><\/div>\r\n            \t\t\t\t<div class=\"gyan-team-position\">Cheffe du service commercial a\u00e9rien<\/div>\r\n            \t\t\t<\/div>\r\n        \t\t  <\/div>\r\n                <\/div>\r\n\r\n            \r\n        \t\t<div class=\"gyan-team-item gyan-grid-item-wrap\">\r\n                    <div class=\"gyan-team-item-inner gyan-grid-item\">\r\n\r\n            \t\t\t<div class=\"gyan-team-image\">\r\n            \t\t\t\t<a href=\"\/fr\/rencontrez-lequipe\/diana-valler-chrl-chrp\/\" class=\"gyan-team-link gyan-team-img-link\"><\/a><img loading=\"lazy\" decoding=\"async\" width=\"390\" height=\"390\" src=\"https:\/\/www.travelbrands.com\/wp-content\/uploads\/2023\/06\/Diana-V.jpg\" class=\"attachment-full size-full\" alt=\"\" srcset=\"https:\/\/www.travelbrands.com\/wp-content\/uploads\/2023\/06\/Diana-V.jpg 390w, https:\/\/www.travelbrands.com\/wp-content\/uploads\/2023\/06\/Diana-V-300x300.jpg 300w, https:\/\/www.travelbrands.com\/wp-content\/uploads\/2023\/06\/Diana-V-150x150.jpg 150w, https:\/\/www.travelbrands.com\/wp-content\/uploads\/2023\/06\/Diana-V-90x90.jpg 90w\" sizes=\"auto, (max-width: 390px) 100vw, 390px\" \/>\r\n                                <div class=\"gyan-team-social\">\r\n                \t\t\t\t\t<ul class=\"gyan-ease-transition\">\r\n                                                                                                                                                                    <li><a href=\"https:\/\/www.linkedin.com\/in\/dianavaller\/\" class=\"gyan-icon\" target=\"_blank\"><i aria-hidden=\"true\" class=\"fab fa-linkedin-in\"><\/i><\/a><\/li>\r\n                                                                                                \t\t\t\t\t<\/ul>\r\n                \t\t\t\t<\/div>\r\n\r\n                                                    <\/div>\r\n\r\n                                                    <div class=\"gyan-team-share-icon\"><span><i class=\"fas fa-share-alt\"><\/i><\/span><\/div>\r\n                        \r\n                        <div class=\"gyan-team-content gyan-ease-transition\">\r\n            \t\t\t\t<div class=\"gyan-team-name\"><h6  class=\"gyan-team-name-tag\"><a href=\"\/fr\/rencontrez-lequipe\/diana-valler-chrl-chrp\/\" class=\"gyan-team-link\">Diana Valler, LRHA, CRHA<\/a><\/h6><\/div>\r\n            \t\t\t\t<div class=\"gyan-team-position\">Dirigeante principale des ressources humaines<\/div>\r\n            \t\t\t<\/div>\r\n        \t\t  <\/div>\r\n                <\/div>\r\n\r\n            \r\n        \t\t<div class=\"gyan-team-item gyan-grid-item-wrap\">\r\n                    <div class=\"gyan-team-item-inner gyan-grid-item\">\r\n\r\n            \t\t\t<div class=\"gyan-team-image\">\r\n            \t\t\t\t<a href=\"\/fr\/rencontrez-lequipe\/elvi-cal\/\" class=\"gyan-team-link gyan-team-img-link\"><\/a><img loading=\"lazy\" decoding=\"async\" width=\"1085\" height=\"1085\" src=\"https:\/\/www.travelbrands.com\/wp-content\/uploads\/2023\/06\/Elvi.jpg\" class=\"attachment-full size-full\" alt=\"\" srcset=\"https:\/\/www.travelbrands.com\/wp-content\/uploads\/2023\/06\/Elvi.jpg 1085w, https:\/\/www.travelbrands.com\/wp-content\/uploads\/2023\/06\/Elvi-300x300.jpg 300w, https:\/\/www.travelbrands.com\/wp-content\/uploads\/2023\/06\/Elvi-1024x1024.jpg 1024w, https:\/\/www.travelbrands.com\/wp-content\/uploads\/2023\/06\/Elvi-150x150.jpg 150w, https:\/\/www.travelbrands.com\/wp-content\/uploads\/2023\/06\/Elvi-768x768.jpg 768w, https:\/\/www.travelbrands.com\/wp-content\/uploads\/2023\/06\/Elvi-90x90.jpg 90w, https:\/\/www.travelbrands.com\/wp-content\/uploads\/2023\/06\/Elvi-670x670.jpg 670w\" sizes=\"auto, (max-width: 1085px) 100vw, 1085px\" \/>\r\n                                <div class=\"gyan-team-social\">\r\n                \t\t\t\t\t<ul class=\"gyan-ease-transition\">\r\n                                                                                                                                                                    <li><a href=\"https:\/\/www.linkedin.com\/in\/elvi-cal-334a173a\/\" class=\"gyan-icon\" target=\"_blank\"><i aria-hidden=\"true\" class=\"fab fa-linkedin-in\"><\/i><\/a><\/li>\r\n                                                                                                \t\t\t\t\t<\/ul>\r\n                \t\t\t\t<\/div>\r\n\r\n                                                    <\/div>\r\n\r\n                                                    <div class=\"gyan-team-share-icon\"><span><i class=\"fas fa-share-alt\"><\/i><\/span><\/div>\r\n                        \r\n                        <div class=\"gyan-team-content gyan-ease-transition\">\r\n            \t\t\t\t<div class=\"gyan-team-name\"><h6  class=\"gyan-team-name-tag\"><a href=\"\/fr\/rencontrez-lequipe\/elvi-cal\/\" class=\"gyan-team-link\">Elvi Cal<\/a><\/h6><\/div>\r\n            \t\t\t\t<div class=\"gyan-team-position\">Vice-pr\u00e9sident s\u00e9nior, Produit et Commercial<\/div>\r\n            \t\t\t<\/div>\r\n        \t\t  <\/div>\r\n                <\/div>\r\n\r\n            \r\n        \t\t<div class=\"gyan-team-item gyan-grid-item-wrap\">\r\n                    <div class=\"gyan-team-item-inner gyan-grid-item\">\r\n\r\n            \t\t\t<div class=\"gyan-team-image\">\r\n            \t\t\t\t<a href=\"\/fr\/rencontrez-lequipe\/sam-youssef\/\" class=\"gyan-team-link gyan-team-img-link\"><\/a><img loading=\"lazy\" decoding=\"async\" width=\"612\" height=\"612\" src=\"https:\/\/www.travelbrands.com\/wp-content\/uploads\/2024\/01\/Image-1.png\" class=\"attachment-full size-full\" alt=\"\" srcset=\"https:\/\/www.travelbrands.com\/wp-content\/uploads\/2024\/01\/Image-1.png 612w, https:\/\/www.travelbrands.com\/wp-content\/uploads\/2024\/01\/Image-1-300x300.png 300w, https:\/\/www.travelbrands.com\/wp-content\/uploads\/2024\/01\/Image-1-150x150.png 150w, https:\/\/www.travelbrands.com\/wp-content\/uploads\/2024\/01\/Image-1-90x90.png 90w\" sizes=\"auto, (max-width: 612px) 100vw, 612px\" \/>\r\n                                <div class=\"gyan-team-social\">\r\n                \t\t\t\t\t<ul class=\"gyan-ease-transition\">\r\n                                                                                                                                                                    <li><a href=\"https:\/\/www.linkedin.com\/in\/sam-youssef\/\" class=\"gyan-icon\" target=\"_blank\"><i aria-hidden=\"true\" class=\"fab fa-linkedin-in\"><\/i><\/a><\/li>\r\n                                                                                                \t\t\t\t\t<\/ul>\r\n                \t\t\t\t<\/div>\r\n\r\n                                                    <\/div>\r\n\r\n                                                    <div class=\"gyan-team-share-icon\"><span><i class=\"fas fa-share-alt\"><\/i><\/span><\/div>\r\n                        \r\n                        <div class=\"gyan-team-content gyan-ease-transition\">\r\n            \t\t\t\t<div class=\"gyan-team-name\"><h6  class=\"gyan-team-name-tag\"><a href=\"\/fr\/rencontrez-lequipe\/sam-youssef\/\" class=\"gyan-team-link\">Sam Youssef<\/a><\/h6><\/div>\r\n            \t\t\t\t<div class=\"gyan-team-position\">Vice-pr\u00e9sident s\u00e9nior, Marketing et Partenariats<\/div>\r\n            \t\t\t<\/div>\r\n        \t\t  <\/div>\r\n                <\/div>\r\n\r\n            \r\n        \t\t<div class=\"gyan-team-item gyan-grid-item-wrap\">\r\n                    <div class=\"gyan-team-item-inner gyan-grid-item\">\r\n\r\n            \t\t\t<div class=\"gyan-team-image\">\r\n            \t\t\t\t<a href=\"\/fr\/rencontrez-lequipe\/tony-saunders\/\" class=\"gyan-team-link gyan-team-img-link\"><\/a><img loading=\"lazy\" decoding=\"async\" width=\"1080\" height=\"1080\" src=\"https:\/\/www.travelbrands.com\/wp-content\/uploads\/2023\/06\/Mon-projet.jpg\" class=\"attachment-full size-full\" alt=\"\" srcset=\"https:\/\/www.travelbrands.com\/wp-content\/uploads\/2023\/06\/Mon-projet.jpg 1080w, https:\/\/www.travelbrands.com\/wp-content\/uploads\/2023\/06\/Mon-projet-300x300.jpg 300w, https:\/\/www.travelbrands.com\/wp-content\/uploads\/2023\/06\/Mon-projet-1024x1024.jpg 1024w, https:\/\/www.travelbrands.com\/wp-content\/uploads\/2023\/06\/Mon-projet-150x150.jpg 150w, https:\/\/www.travelbrands.com\/wp-content\/uploads\/2023\/06\/Mon-projet-768x768.jpg 768w, https:\/\/www.travelbrands.com\/wp-content\/uploads\/2023\/06\/Mon-projet-90x90.jpg 90w, https:\/\/www.travelbrands.com\/wp-content\/uploads\/2023\/06\/Mon-projet-670x670.jpg 670w\" sizes=\"auto, (max-width: 1080px) 100vw, 1080px\" \/>\r\n                                <div class=\"gyan-team-social\">\r\n                \t\t\t\t\t<ul class=\"gyan-ease-transition\">\r\n                                                                                                                                                                    <li><a href=\"https:\/\/www.linkedin.com\/in\/tony-saunders-ca-cpa-54910216\/\" class=\"gyan-icon\" target=\"_blank\"><i aria-hidden=\"true\" class=\"fab fa-linkedin-in\"><\/i><\/a><\/li>\r\n                                                                                                \t\t\t\t\t<\/ul>\r\n                \t\t\t\t<\/div>\r\n\r\n                                                    <\/div>\r\n\r\n                                                    <div class=\"gyan-team-share-icon\"><span><i class=\"fas fa-share-alt\"><\/i><\/span><\/div>\r\n                        \r\n                        <div class=\"gyan-team-content gyan-ease-transition\">\r\n            \t\t\t\t<div class=\"gyan-team-name\"><h6  class=\"gyan-team-name-tag\"><a href=\"\/fr\/rencontrez-lequipe\/tony-saunders\/\" class=\"gyan-team-link\">Tony Saunders<\/a><\/h6><\/div>\r\n            \t\t\t\t<div class=\"gyan-team-position\">Dirigeant principal des finances<\/div>\r\n            \t\t\t<\/div>\r\n        \t\t  <\/div>\r\n                <\/div>\r\n\r\n            \r\n        \t\t<div class=\"gyan-team-item gyan-grid-item-wrap\">\r\n                    <div class=\"gyan-team-item-inner gyan-grid-item\">\r\n\r\n            \t\t\t<div class=\"gyan-team-image\">\r\n            \t\t\t\t<a href=\"\/fr\/rencontrez-lequipe\/roberto-gennaro\/\" class=\"gyan-team-link gyan-team-img-link\"><\/a><img loading=\"lazy\" decoding=\"async\" width=\"1000\" height=\"1000\" src=\"https:\/\/www.travelbrands.com\/wp-content\/uploads\/2023\/06\/roberto.png\" class=\"attachment-full size-full\" alt=\"\" srcset=\"https:\/\/www.travelbrands.com\/wp-content\/uploads\/2023\/06\/roberto.png 1000w, https:\/\/www.travelbrands.com\/wp-content\/uploads\/2023\/06\/roberto-300x300.png 300w, https:\/\/www.travelbrands.com\/wp-content\/uploads\/2023\/06\/roberto-150x150.png 150w, https:\/\/www.travelbrands.com\/wp-content\/uploads\/2023\/06\/roberto-768x768.png 768w, https:\/\/www.travelbrands.com\/wp-content\/uploads\/2023\/06\/roberto-90x90.png 90w, https:\/\/www.travelbrands.com\/wp-content\/uploads\/2023\/06\/roberto-670x670.png 670w\" sizes=\"auto, (max-width: 1000px) 100vw, 1000px\" \/>\r\n                                <div class=\"gyan-team-social\">\r\n                \t\t\t\t\t<ul class=\"gyan-ease-transition\">\r\n                                                                                                                                                                    <li><a href=\"https:\/\/www.linkedin.com\/in\/robertgennaro\/%20\" class=\"gyan-icon\" target=\"_blank\"><i aria-hidden=\"true\" class=\"fab fa-linkedin-in\"><\/i><\/a><\/li>\r\n                                                                                                \t\t\t\t\t<\/ul>\r\n                \t\t\t\t<\/div>\r\n\r\n                                                    <\/div>\r\n\r\n                                                    <div class=\"gyan-team-share-icon\"><span><i class=\"fas fa-share-alt\"><\/i><\/span><\/div>\r\n                        \r\n                        <div class=\"gyan-team-content gyan-ease-transition\">\r\n            \t\t\t\t<div class=\"gyan-team-name\"><h6  class=\"gyan-team-name-tag\"><a href=\"\/fr\/rencontrez-lequipe\/roberto-gennaro\/\" class=\"gyan-team-link\">Roberto Gennaro <\/a><\/h6><\/div>\r\n            \t\t\t\t<div class=\"gyan-team-position\">Directeur g\u00e9n\u00e9ral du num\u00e9rique et de l\u2019innovation<\/div>\r\n            \t\t\t<\/div>\r\n        \t\t  <\/div>\r\n                <\/div>\r\n\r\n                        <div class=\"clear\"><\/div>\r\n            <\/div>\r\n        <\/div>\r\n        <div class=\"clear\"><\/div>\r\n\r\n\t\t\t\t<\/div>\n\t\t\t\t<\/div>\n\t\t\t\t\t<\/div>\n\t\t<\/div>\n\t\t\t\t\t\t\t<\/div>\n\t\t<\/section>\n\t\t\t\t\t\t\t<\/div>\n\t\t","protected":false},"excerpt":{"rendered":"<p>Pr\u00e9sidente et CEO Nathalie Tanious Nathalie Tanious se pr\u00e9sente comme une leader visionnaire en sa qualit\u00e9 de pr\u00e9sidente-directrice g\u00e9n\u00e9rale (PDG), exer\u00e7ant une influence transformatrice sur les divisions multiformes de l\u2019organisation. Son style de leadership dynamique est marqu\u00e9 par un engagement in\u00e9branlable en faveur de la croissance et de l\u2019innovation dans [&hellip;]<\/p>\n","protected":false},"author":1,"featured_media":0,"parent":0,"menu_order":0,"comment_status":"closed","ping_status":"closed","template":"","meta":{"footnotes":""},"class_list":["post-5637","page","type-page","status-publish","hentry"],"_links":{"self":[{"href":"https:\/\/www.travelbrands.com\/fr\/wp-json\/wp\/v2\/pages\/5637","targetHints":{"allow":["GET"]}}],"collection":[{"href":"https:\/\/www.travelbrands.com\/fr\/wp-json\/wp\/v2\/pages"}],"about":[{"href":"https:\/\/www.travelbrands.com\/fr\/wp-json\/wp\/v2\/types\/page"}],"author":[{"embeddable":true,"href":"https:\/\/www.travelbrands.com\/fr\/wp-json\/wp\/v2\/users\/1"}],"replies":[{"embeddable":true,"href":"https:\/\/www.travelbrands.com\/fr\/wp-json\/wp\/v2\/comments?post=5637"}],"version-history":[{"count":22,"href":"https:\/\/www.travelbrands.com\/fr\/wp-json\/wp\/v2\/pages\/5637\/revisions"}],"predecessor-version":[{"id":5689,"href":"https:\/\/www.travelbrands.com\/fr\/wp-json\/wp\/v2\/pages\/5637\/revisions\/5689"}],"wp:attachment":[{"href":"https:\/\/www.travelbrands.com\/fr\/wp-json\/wp\/v2\/media?parent=5637"}],"curies":[{"name":"wp","href":"https:\/\/api.w.org\/{rel}","templated":true}]}}