{"id":5642,"date":"2023-03-21T00:10:06","date_gmt":"2023-03-21T00:10:06","guid":{"rendered":"https:\/\/preprod.travelbrands.com\/rencontrez-lequipe\/diane-lattavo\/"},"modified":"2024-09-04T20:50:31","modified_gmt":"2024-09-04T20:50:31","slug":"diane-lattavo","status":"publish","type":"page","link":"https:\/\/www.travelbrands.com\/fr\/rencontrez-lequipe\/diane-lattavo\/","title":{"rendered":"Diane Lattavo"},"content":{"rendered":"\t\t<div data-elementor-type=\"wp-page\" data-elementor-id=\"5642\" class=\"elementor elementor-5642 elementor-3543\">\n\t\t\t\t\t\t\t\t\t<section class=\"elementor-section elementor-top-section elementor-element elementor-element-2d41723c elementor-section-stretched elementor-section-content-bottom elementor-section-boxed elementor-section-height-default elementor-section-height-default\" data-id=\"2d41723c\" data-element_type=\"section\" data-settings=\"{&quot;stretch_section&quot;:&quot;section-stretched&quot;}\">\n\t\t\t\t\t\t<div class=\"elementor-container elementor-column-gap-no\">\n\t\t\t\t\t<div class=\"elementor-column elementor-col-100 elementor-top-column elementor-element elementor-element-6a59d43d\" data-id=\"6a59d43d\" data-element_type=\"column\">\n\t\t\t<div class=\"elementor-widget-wrap elementor-element-populated\">\n\t\t\t\t\t\t\t\t<section class=\"elementor-section elementor-inner-section elementor-element elementor-element-54ce6fa4 elementor-section-content-middle elementor-reverse-mobile elementor-section-boxed elementor-section-height-default elementor-section-height-default\" data-id=\"54ce6fa4\" data-element_type=\"section\">\n\t\t\t\t\t\t<div class=\"elementor-container elementor-column-gap-no\">\n\t\t\t\t\t<div class=\"elementor-column elementor-col-100 elementor-inner-column elementor-element elementor-element-16751f65 elementor-invisible\" data-id=\"16751f65\" data-element_type=\"column\" data-settings=\"{&quot;animation&quot;:&quot;fadeInLeft&quot;}\">\n\t\t\t<div class=\"elementor-widget-wrap elementor-element-populated\">\n\t\t\t\t\t\t\t\t<div class=\"elementor-element elementor-element-53e8414 elementor-widget elementor-widget-image\" data-id=\"53e8414\" data-element_type=\"widget\" data-widget_type=\"image.default\">\n\t\t\t\t<div class=\"elementor-widget-container\">\n\t\t\t<style>\/*! elementor - v3.13.3 - 28-05-2023 *\/\n.elementor-widget-image{text-align:center}.elementor-widget-image a{display:inline-block}.elementor-widget-image a img[src$=\".svg\"]{width:48px}.elementor-widget-image img{vertical-align:middle;display:inline-block}<\/style>\t\t\t\t\t\t\t\t\t\t\t\t<img loading=\"lazy\" decoding=\"async\" width=\"450\" height=\"450\" src=\"https:\/\/www.travelbrands.com\/wp-content\/uploads\/2023\/06\/Diane-L.jpg\" class=\"attachment-full size-full wp-image-5495\" alt=\"\" srcset=\"https:\/\/www.travelbrands.com\/wp-content\/uploads\/2023\/06\/Diane-L.jpg 450w, https:\/\/www.travelbrands.com\/wp-content\/uploads\/2023\/06\/Diane-L-300x300.jpg 300w, https:\/\/www.travelbrands.com\/wp-content\/uploads\/2023\/06\/Diane-L-150x150.jpg 150w, https:\/\/www.travelbrands.com\/wp-content\/uploads\/2023\/06\/Diane-L-90x90.jpg 90w\" sizes=\"auto, (max-width: 450px) 100vw, 450px\" \/>\t\t\t\t\t\t\t\t\t\t\t\t\t\t\t<\/div>\n\t\t\t\t<\/div>\n\t\t\t\t<div class=\"elementor-element elementor-element-e00e776 gyan-title-st-line-after elementor-widget elementor-widget-gyan_title\" data-id=\"e00e776\" data-element_type=\"widget\" data-widget_type=\"gyan_title.default\">\n\t\t\t\t<div class=\"elementor-widget-container\">\n\t\t\t\t\t<div class=\"gyan-title\">\r\n\t\t\t<div class=\"gyan-title-subtitle\"><span>Cheffe du service commercial a\u00e9rien<\/span><\/div><h2 class=\"gyan-title-heading\">Diane Lattavo<\/h2>\t\t<\/div>\r\n\t\t\t\t<\/div>\n\t\t\t\t<\/div>\n\t\t\t\t\t<\/div>\n\t\t<\/div>\n\t\t\t\t\t\t\t<\/div>\n\t\t<\/section>\n\t\t\t\t\t<\/div>\n\t\t<\/div>\n\t\t\t\t\t\t\t<\/div>\n\t\t<\/section>\n\t\t\t\t<section class=\"elementor-section elementor-top-section elementor-element elementor-element-68bc1843 elementor-section-stretched elementor-section-boxed elementor-section-height-default elementor-section-height-default\" data-id=\"68bc1843\" data-element_type=\"section\" data-settings=\"{&quot;stretch_section&quot;:&quot;section-stretched&quot;}\">\n\t\t\t\t\t\t<div class=\"elementor-container elementor-column-gap-no\">\n\t\t\t\t\t<div class=\"elementor-column elementor-col-100 elementor-top-column elementor-element elementor-element-4b31b96 elementor-invisible\" data-id=\"4b31b96\" data-element_type=\"column\" data-settings=\"{&quot;animation&quot;:&quot;fadeInUp&quot;}\">\n\t\t\t<div class=\"elementor-widget-wrap elementor-element-populated\">\n\t\t\t\t\t\t\t\t<div class=\"elementor-element elementor-element-18822ba elementor-widget elementor-widget-text-editor\" data-id=\"18822ba\" data-element_type=\"widget\" data-widget_type=\"text-editor.default\">\n\t\t\t\t<div class=\"elementor-widget-container\">\n\t\t\t<style>\/*! elementor - v3.13.3 - 28-05-2023 *\/\n.elementor-widget-text-editor.elementor-drop-cap-view-stacked .elementor-drop-cap{background-color:#69727d;color:#fff}.elementor-widget-text-editor.elementor-drop-cap-view-framed .elementor-drop-cap{color:#69727d;border:3px solid;background-color:transparent}.elementor-widget-text-editor:not(.elementor-drop-cap-view-default) .elementor-drop-cap{margin-top:8px}.elementor-widget-text-editor:not(.elementor-drop-cap-view-default) .elementor-drop-cap-letter{width:1em;height:1em}.elementor-widget-text-editor .elementor-drop-cap{float:left;text-align:center;line-height:1;font-size:50px}.elementor-widget-text-editor .elementor-drop-cap-letter{display:inline-block}<\/style>\t\t\t\t<p>Avec une carri\u00e8re impressionnante de 31 ans dans l\u2019industrie du voyage, Diane Lattavo emm\u00e8ne la richesse d\u2019une expertise approfondie et de connaissances de premi\u00e8re main qui ont jou\u00e9 un r\u00f4le essentiel dans la formation du succ\u00e8s retentissant de Voyages TravelBrands. En tant que figure hautement respect\u00e9e au sein de l\u2019organisation, Diane joue un r\u00f4le multidimensionnel en surveillant les aspects critiques des op\u00e9rations de l\u2019entreprise.<\/p><p>\u00c0 la t\u00eate des activit\u00e9s a\u00e9riennes de Voyages TravelBrands, Diane orchestre un portfolio complet de responsabilit\u00e9s comprenant le lancement d\u2019initiatives commerciales, la n\u00e9gociation de contrats et la formulation de strat\u00e9gies de croissance globale en collaboration avec un vaste r\u00e9seau de plus de 75 partenaires a\u00e9riens. Sa capacit\u00e9 \u00e0 naviguer dans les subtilit\u00e9s de l\u2019industrie a\u00e9rienne, en plus de son sens aigu des affaires, a permis \u00e0 Voyages TravelBrands de se positionner en tant que leader sur le march\u00e9 du voyage.<\/p><p>L&rsquo;illustre parcours professionnel de Diane a \u00e9t\u00e9 enrichi par les fonctions qu&rsquo;elle a occup\u00e9es au sein d&rsquo;entit\u00e9s de renomm\u00e9e telles que JAT Yugoslav Airlines, Worldways et Hudson General Aviation. Ses diverses exp\u00e9riences lui ont permis d&rsquo;acqu\u00e9rir une compr\u00e9hension approfondie des subtilit\u00e9s de l&rsquo;industrie, renfor\u00e7ant ainsi sa r\u00e9putation d&rsquo;autorit\u00e9 de confiance.<\/p><p>Il est sans \u00e9quivoque que le parcours exceptionnel de Diane continue d&rsquo;\u00eatre un catalyseur in\u00e9branlable du succ\u00e8s durable de Voyages TravelBrands. Sa passion pour l&rsquo;industrie du voyage, en plus de sa vision strat\u00e9gique et son engagement sans faille, a fait d&rsquo;elle un atout indispensable pour l&rsquo;organisation, la propulsant constamment vers de plus grandes r\u00e9alisations et \u00e9tablissant des nouvelles normes d&rsquo;excellence dans le secteur du voyage.<\/p>\t\t\t\t\t\t<\/div>\n\t\t\t\t<\/div>\n\t\t\t\t\t<\/div>\n\t\t<\/div>\n\t\t\t\t\t\t\t<\/div>\n\t\t<\/section>\n\t\t\t\t\t\t\t<\/div>\n\t\t","protected":false},"excerpt":{"rendered":"<p>Cheffe du service commercial a\u00e9rien Diane Lattavo Avec une carri\u00e8re impressionnante de 31 ans dans l\u2019industrie du voyage, Diane Lattavo emm\u00e8ne la richesse d\u2019une expertise approfondie et de connaissances de premi\u00e8re main qui ont jou\u00e9 un r\u00f4le essentiel dans la formation du succ\u00e8s retentissant de Voyages TravelBrands. En tant que [&hellip;]<\/p>\n","protected":false},"author":2,"featured_media":0,"parent":5637,"menu_order":0,"comment_status":"closed","ping_status":"closed","template":"","meta":{"footnotes":""},"class_list":["post-5642","page","type-page","status-publish","hentry"],"_links":{"self":[{"href":"https:\/\/www.travelbrands.com\/fr\/wp-json\/wp\/v2\/pages\/5642","targetHints":{"allow":["GET"]}}],"collection":[{"href":"https:\/\/www.travelbrands.com\/fr\/wp-json\/wp\/v2\/pages"}],"about":[{"href":"https:\/\/www.travelbrands.com\/fr\/wp-json\/wp\/v2\/types\/page"}],"author":[{"embeddable":true,"href":"https:\/\/www.travelbrands.com\/fr\/wp-json\/wp\/v2\/users\/2"}],"replies":[{"embeddable":true,"href":"https:\/\/www.travelbrands.com\/fr\/wp-json\/wp\/v2\/comments?post=5642"}],"version-history":[{"count":4,"href":"https:\/\/www.travelbrands.com\/fr\/wp-json\/wp\/v2\/pages\/5642\/revisions"}],"predecessor-version":[{"id":5649,"href":"https:\/\/www.travelbrands.com\/fr\/wp-json\/wp\/v2\/pages\/5642\/revisions\/5649"}],"up":[{"embeddable":true,"href":"https:\/\/www.travelbrands.com\/fr\/wp-json\/wp\/v2\/pages\/5637"}],"wp:attachment":[{"href":"https:\/\/www.travelbrands.com\/fr\/wp-json\/wp\/v2\/media?parent=5642"}],"curies":[{"name":"wp","href":"https:\/\/api.w.org\/{rel}","templated":true}]}}