{"id":5674,"date":"2023-03-21T00:15:06","date_gmt":"2023-03-21T00:15:06","guid":{"rendered":"https:\/\/preprod.travelbrands.com\/rencontrez-lequipe\/tony-saunders\/"},"modified":"2024-09-04T20:59:03","modified_gmt":"2024-09-04T20:59:03","slug":"tony-saunders","status":"publish","type":"page","link":"https:\/\/www.travelbrands.com\/fr\/rencontrez-lequipe\/tony-saunders\/","title":{"rendered":"Tony Saunders"},"content":{"rendered":"\t\t<div data-elementor-type=\"wp-page\" data-elementor-id=\"5674\" class=\"elementor elementor-5674 elementor-3569\">\n\t\t\t\t\t\t\t\t\t<section class=\"elementor-section elementor-top-section elementor-element elementor-element-2d41723c elementor-section-stretched elementor-section-content-bottom elementor-section-boxed elementor-section-height-default elementor-section-height-default\" data-id=\"2d41723c\" data-element_type=\"section\" data-settings=\"{&quot;stretch_section&quot;:&quot;section-stretched&quot;}\">\n\t\t\t\t\t\t<div class=\"elementor-container elementor-column-gap-no\">\n\t\t\t\t\t<div class=\"elementor-column elementor-col-100 elementor-top-column elementor-element elementor-element-6a59d43d\" data-id=\"6a59d43d\" data-element_type=\"column\">\n\t\t\t<div class=\"elementor-widget-wrap elementor-element-populated\">\n\t\t\t\t\t\t\t\t<section class=\"elementor-section elementor-inner-section elementor-element elementor-element-54ce6fa4 elementor-section-content-middle elementor-reverse-mobile elementor-section-boxed elementor-section-height-default elementor-section-height-default\" data-id=\"54ce6fa4\" data-element_type=\"section\">\n\t\t\t\t\t\t<div class=\"elementor-container elementor-column-gap-no\">\n\t\t\t\t\t<div class=\"elementor-column elementor-col-100 elementor-inner-column elementor-element elementor-element-16751f65 elementor-invisible\" data-id=\"16751f65\" data-element_type=\"column\" data-settings=\"{&quot;animation&quot;:&quot;fadeInLeft&quot;}\">\n\t\t\t<div class=\"elementor-widget-wrap elementor-element-populated\">\n\t\t\t\t\t\t\t\t<div class=\"elementor-element elementor-element-53e8414 elementor-widget elementor-widget-image\" data-id=\"53e8414\" data-element_type=\"widget\" data-widget_type=\"image.default\">\n\t\t\t\t<div class=\"elementor-widget-container\">\n\t\t\t<style>\/*! elementor - v3.13.3 - 28-05-2023 *\/\n.elementor-widget-image{text-align:center}.elementor-widget-image a{display:inline-block}.elementor-widget-image a img[src$=\".svg\"]{width:48px}.elementor-widget-image img{vertical-align:middle;display:inline-block}<\/style>\t\t\t\t\t\t\t\t\t\t\t\t<img loading=\"lazy\" decoding=\"async\" width=\"1080\" height=\"1080\" src=\"https:\/\/www.travelbrands.com\/wp-content\/uploads\/2023\/06\/Mon-projet.jpg\" class=\"attachment-full size-full wp-image-5500\" alt=\"\" srcset=\"https:\/\/www.travelbrands.com\/wp-content\/uploads\/2023\/06\/Mon-projet.jpg 1080w, https:\/\/www.travelbrands.com\/wp-content\/uploads\/2023\/06\/Mon-projet-300x300.jpg 300w, https:\/\/www.travelbrands.com\/wp-content\/uploads\/2023\/06\/Mon-projet-1024x1024.jpg 1024w, https:\/\/www.travelbrands.com\/wp-content\/uploads\/2023\/06\/Mon-projet-150x150.jpg 150w, https:\/\/www.travelbrands.com\/wp-content\/uploads\/2023\/06\/Mon-projet-768x768.jpg 768w, https:\/\/www.travelbrands.com\/wp-content\/uploads\/2023\/06\/Mon-projet-90x90.jpg 90w, https:\/\/www.travelbrands.com\/wp-content\/uploads\/2023\/06\/Mon-projet-670x670.jpg 670w\" sizes=\"auto, (max-width: 1080px) 100vw, 1080px\" \/>\t\t\t\t\t\t\t\t\t\t\t\t\t\t\t<\/div>\n\t\t\t\t<\/div>\n\t\t\t\t<div class=\"elementor-element elementor-element-e00e776 gyan-title-st-line-after elementor-widget elementor-widget-gyan_title\" data-id=\"e00e776\" data-element_type=\"widget\" data-widget_type=\"gyan_title.default\">\n\t\t\t\t<div class=\"elementor-widget-container\">\n\t\t\t\t\t<div class=\"gyan-title\">\r\n\t\t\t<div class=\"gyan-title-subtitle\"><span>Dirigeant principal des finances<\/span><\/div><h2 class=\"gyan-title-heading\">Tony Saunders<\/h2>\t\t<\/div>\r\n\t\t\t\t<\/div>\n\t\t\t\t<\/div>\n\t\t\t\t\t<\/div>\n\t\t<\/div>\n\t\t\t\t\t\t\t<\/div>\n\t\t<\/section>\n\t\t\t\t\t<\/div>\n\t\t<\/div>\n\t\t\t\t\t\t\t<\/div>\n\t\t<\/section>\n\t\t\t\t<section class=\"elementor-section elementor-top-section elementor-element elementor-element-68bc1843 elementor-section-stretched elementor-section-boxed elementor-section-height-default elementor-section-height-default\" data-id=\"68bc1843\" data-element_type=\"section\" data-settings=\"{&quot;stretch_section&quot;:&quot;section-stretched&quot;}\">\n\t\t\t\t\t\t<div class=\"elementor-container elementor-column-gap-no\">\n\t\t\t\t\t<div class=\"elementor-column elementor-col-100 elementor-top-column elementor-element elementor-element-4b31b96 elementor-invisible\" data-id=\"4b31b96\" data-element_type=\"column\" data-settings=\"{&quot;animation&quot;:&quot;fadeInUp&quot;}\">\n\t\t\t<div class=\"elementor-widget-wrap elementor-element-populated\">\n\t\t\t\t\t\t\t\t<div class=\"elementor-element elementor-element-18822ba elementor-widget elementor-widget-text-editor\" data-id=\"18822ba\" data-element_type=\"widget\" data-widget_type=\"text-editor.default\">\n\t\t\t\t<div class=\"elementor-widget-container\">\n\t\t\t<style>\/*! elementor - v3.13.3 - 28-05-2023 *\/\n.elementor-widget-text-editor.elementor-drop-cap-view-stacked .elementor-drop-cap{background-color:#69727d;color:#fff}.elementor-widget-text-editor.elementor-drop-cap-view-framed .elementor-drop-cap{color:#69727d;border:3px solid;background-color:transparent}.elementor-widget-text-editor:not(.elementor-drop-cap-view-default) .elementor-drop-cap{margin-top:8px}.elementor-widget-text-editor:not(.elementor-drop-cap-view-default) .elementor-drop-cap-letter{width:1em;height:1em}.elementor-widget-text-editor .elementor-drop-cap{float:left;text-align:center;line-height:1;font-size:50px}.elementor-widget-text-editor .elementor-drop-cap-letter{display:inline-block}<\/style>\t\t\t\t<p>Tony Saunders est vice-pr\u00e9sident s\u00e9nior et dirigeant principal des finances (DPF) de Voyages TravelBrands depuis octobre 2014 et travaille dans l\u2019entreprise depuis plus de 14 ans. Ses responsabilit\u00e9s incluent la direction strat\u00e9gique globale de l\u2019entreprise et il est responsable de tous les aspects des rapports financiers, de la budg\u00e9tisation et de la planification, de l\u2019encaisse, de la tr\u00e9sorerie, de la taxation et des op\u00e9rations de contr\u00f4le.<\/p><p>Tony poss\u00e8de une vaste exp\u00e9rience \u00e0 titre de cadre dans le domaine des fusions et acquisitions et a \u00e9t\u00e9 responsable de plusieurs achats d\u2019entreprises op\u00e9rant actuellement sous le nom de Voyages TravelBrands Inc. Il poss\u00e8de de l\u2019exp\u00e9rience en mati\u00e8re d\u2019insolvabilit\u00e9 et, plus r\u00e9cemment, il a r\u00e9ussi \u00e0 faire adopter la <em>Loi sur les arrangements avec les cr\u00e9anciers des compagnies<\/em> (LACC). Au cours du processus, aucun des clients de Voyages TravelBrands n\u2019a \u00e9t\u00e9 impact\u00e9. L\u2019entreprise a fonctionn\u00e9 tout au long du processus en g\u00e9n\u00e9rant des encaisses positives et est en ressortie plus forte, tant sur le plan financier que sur le plan op\u00e9rationnel.<\/p><p>Avant de se joindre \u00e0 Voyages TravelBrands, Tony a occup\u00e9 des postes financiers de haut niveau chez Business Travel International (BTI Inc.), HRG et Ernst &amp; Young et a enseign\u00e9 la comptabilit\u00e9 \u00e0 l\u2019Universit\u00e9 M\u00e9tropolitaine de Toronto (anciennement connue sous le nom d&rsquo;Universit\u00e9 Ryerson). Tony d\u00e9tient un baccalaur\u00e9at en commerce de l\u2019Universit\u00e9 de Guelph avec une majeure en administration h\u00f4teli\u00e8re et alimentaire et est \u00e0 la fois un comptable agr\u00e9\u00e9 et un comptable professionnel agr\u00e9\u00e9.<\/p>\t\t\t\t\t\t<\/div>\n\t\t\t\t<\/div>\n\t\t\t\t\t<\/div>\n\t\t<\/div>\n\t\t\t\t\t\t\t<\/div>\n\t\t<\/section>\n\t\t\t\t\t\t\t<\/div>\n\t\t","protected":false},"excerpt":{"rendered":"<p>Dirigeant principal des finances Tony Saunders Tony Saunders est vice-pr\u00e9sident s\u00e9nior et dirigeant principal des finances (DPF) de Voyages TravelBrands depuis octobre 2014 et travaille dans l\u2019entreprise depuis plus de 14 ans. Ses responsabilit\u00e9s incluent la direction strat\u00e9gique globale de l\u2019entreprise et il est responsable de tous les aspects des [&hellip;]<\/p>\n","protected":false},"author":2,"featured_media":0,"parent":5637,"menu_order":0,"comment_status":"closed","ping_status":"closed","template":"","meta":{"footnotes":""},"class_list":["post-5674","page","type-page","status-publish","hentry"],"_links":{"self":[{"href":"https:\/\/www.travelbrands.com\/fr\/wp-json\/wp\/v2\/pages\/5674","targetHints":{"allow":["GET"]}}],"collection":[{"href":"https:\/\/www.travelbrands.com\/fr\/wp-json\/wp\/v2\/pages"}],"about":[{"href":"https:\/\/www.travelbrands.com\/fr\/wp-json\/wp\/v2\/types\/page"}],"author":[{"embeddable":true,"href":"https:\/\/www.travelbrands.com\/fr\/wp-json\/wp\/v2\/users\/2"}],"replies":[{"embeddable":true,"href":"https:\/\/www.travelbrands.com\/fr\/wp-json\/wp\/v2\/comments?post=5674"}],"version-history":[{"count":4,"href":"https:\/\/www.travelbrands.com\/fr\/wp-json\/wp\/v2\/pages\/5674\/revisions"}],"predecessor-version":[{"id":5678,"href":"https:\/\/www.travelbrands.com\/fr\/wp-json\/wp\/v2\/pages\/5674\/revisions\/5678"}],"up":[{"embeddable":true,"href":"https:\/\/www.travelbrands.com\/fr\/wp-json\/wp\/v2\/pages\/5637"}],"wp:attachment":[{"href":"https:\/\/www.travelbrands.com\/fr\/wp-json\/wp\/v2\/media?parent=5674"}],"curies":[{"name":"wp","href":"https:\/\/api.w.org\/{rel}","templated":true}]}}