{"id":5711,"date":"2023-03-16T18:03:31","date_gmt":"2023-03-16T18:03:31","guid":{"rendered":"https:\/\/preprod.travelbrands.com\/appreciation-de-lagent\/"},"modified":"2024-09-04T21:36:55","modified_gmt":"2024-09-04T21:36:55","slug":"appreciation-des-lagent","status":"publish","type":"page","link":"https:\/\/www.travelbrands.com\/fr\/appreciation-des-lagent\/","title":{"rendered":"Appr\u00e9ciation des agents"},"content":{"rendered":"\t\t<div data-elementor-type=\"wp-page\" data-elementor-id=\"5711\" class=\"elementor elementor-5711 elementor-2471\">\n\t\t\t\t\t\t\t\t\t<section class=\"elementor-section elementor-top-section elementor-element elementor-element-31e82332 elementor-section-stretched elementor-section-content-top elementor-section-boxed elementor-section-height-default elementor-section-height-default\" data-id=\"31e82332\" data-element_type=\"section\" data-settings=\"{&quot;stretch_section&quot;:&quot;section-stretched&quot;,&quot;background_background&quot;:&quot;classic&quot;}\">\n\t\t\t\t\t\t\t<div class=\"elementor-background-overlay\"><\/div>\n\t\t\t\t\t\t\t<div class=\"elementor-container elementor-column-gap-no\">\n\t\t\t\t\t<div class=\"elementor-column elementor-col-100 elementor-top-column elementor-element elementor-element-798f6e0f\" data-id=\"798f6e0f\" data-element_type=\"column\">\n\t\t\t<div class=\"elementor-widget-wrap elementor-element-populated\">\n\t\t\t\t\t\t\t\t<div class=\"elementor-element elementor-element-4fd05d6 elementor-invisible elementor-widget elementor-widget-image\" data-id=\"4fd05d6\" data-element_type=\"widget\" data-settings=\"{&quot;_animation&quot;:&quot;fadeInDown&quot;}\" data-widget_type=\"image.default\">\n\t\t\t\t<div class=\"elementor-widget-container\">\n\t\t\t<style>\/*! elementor - v3.13.3 - 28-05-2023 *\/\n.elementor-widget-image{text-align:center}.elementor-widget-image a{display:inline-block}.elementor-widget-image a img[src$=\".svg\"]{width:48px}.elementor-widget-image img{vertical-align:middle;display:inline-block}<\/style>\t\t\t\t\t\t\t\t\t\t\t\t<img loading=\"lazy\" decoding=\"async\" width=\"1047\" height=\"548\" src=\"https:\/\/www.travelbrands.com\/wp-content\/uploads\/2023\/03\/TB-LoyaltyR-En.png\" class=\"attachment-full size-full wp-image-5285\" alt=\"\" srcset=\"https:\/\/www.travelbrands.com\/wp-content\/uploads\/2023\/03\/TB-LoyaltyR-En.png 1047w, https:\/\/www.travelbrands.com\/wp-content\/uploads\/2023\/03\/TB-LoyaltyR-En-300x157.png 300w, https:\/\/www.travelbrands.com\/wp-content\/uploads\/2023\/03\/TB-LoyaltyR-En-1024x536.png 1024w, https:\/\/www.travelbrands.com\/wp-content\/uploads\/2023\/03\/TB-LoyaltyR-En-768x402.png 768w\" sizes=\"auto, (max-width: 1047px) 100vw, 1047px\" \/>\t\t\t\t\t\t\t\t\t\t\t\t\t\t\t<\/div>\n\t\t\t\t<\/div>\n\t\t\t\t<div class=\"elementor-element elementor-element-b4d9bbf elementor-widget elementor-widget-gyan_animated_text\" data-id=\"b4d9bbf\" data-element_type=\"widget\" data-widget_type=\"gyan_animated_text.default\">\n\t\t\t\t<div class=\"elementor-widget-container\">\n\t\t\t\t\t<div class=\"gyan-animated-text\"\r\n\t\tdata-animated-text=\"#VoyagesTravelBrands @@\"\r\n\t\tdata-anim=\"typing\"\r\n\t\tdata-speed=\"100\"\r\n\t\tdata-delay=\"2000\"\r\n\t\tdata-cursor=\"yes\"\r\n\t\tdata-loop=\"yes\">\r\n\t\t\t<h2 class=\"gyan-animated-text-tag\"><span class=\"gyan-animated-text-strings\">#VoyagesTravelBrands <\/span> <span class=\"gyan-animated-text-suffix\">AimeLesAgents<\/span><\/h2>\r\n\t\t<\/div><!-- .gyan-animated-text -->\r\n\t\t\t\t<\/div>\n\t\t\t\t<\/div>\n\t\t\t\t<div class=\"elementor-element elementor-element-12d5aa2f elementor-invisible elementor-widget elementor-widget-heading\" data-id=\"12d5aa2f\" data-element_type=\"widget\" data-settings=\"{&quot;_animation&quot;:&quot;fadeInUp&quot;}\" data-widget_type=\"heading.default\">\n\t\t\t\t<div class=\"elementor-widget-container\">\n\t\t\t<style>\/*! elementor - v3.13.3 - 28-05-2023 *\/\n.elementor-heading-title{padding:0;margin:0;line-height:1}.elementor-widget-heading .elementor-heading-title[class*=elementor-size-]>a{color:inherit;font-size:inherit;line-height:inherit}.elementor-widget-heading .elementor-heading-title.elementor-size-small{font-size:15px}.elementor-widget-heading .elementor-heading-title.elementor-size-medium{font-size:19px}.elementor-widget-heading .elementor-heading-title.elementor-size-large{font-size:29px}.elementor-widget-heading .elementor-heading-title.elementor-size-xl{font-size:39px}.elementor-widget-heading .elementor-heading-title.elementor-size-xxl{font-size:59px}<\/style><h2 class=\"elementor-heading-title elementor-size-default\">Chez Voyages TravelBrands, nous reconnaissons le fait que nos agents de voyages sont notre plus grand atout. C\u2019est pourquoi nous avons \u00e9labor\u00e9 une plateforme tout-en-un qui permet aux agents de voyages de travailler plus intelligemment et non plus durement. Notre plateforme offre une flexibilit\u00e9 totale pour la r\u00e9servation de pr\u00e9paratifs de voyage, y compris des vols, des locations de voitures, des croisi\u00e8res, des attractions, des excursions et des voyages sp\u00e9cialis\u00e9s, tout cela dans un seul endroit. Avec Voyages TravelBrands, vous aurez acc\u00e8s \u00e0 la derni\u00e8re technologie et aux derniers outils innovateurs qui vous aideront \u00e0 livrer un service exceptionnel \u00e0 vos clients. Nous sommes pr\u00eats \u00e0 soutenir nos partenaires \u00e0 chaque \u00e9tape et nous sommes fiers de dire que #VoyagesTravelBrandsAimeLesAgents.<\/h2>\t\t<\/div>\n\t\t\t\t<\/div>\n\t\t\t\t<div class=\"elementor-element elementor-element-16a6e950 elementor-align-center elementor-invisible elementor-widget elementor-widget-button\" data-id=\"16a6e950\" data-element_type=\"widget\" data-settings=\"{&quot;_animation&quot;:&quot;fadeInUp&quot;}\" data-widget_type=\"button.default\">\n\t\t\t\t<div class=\"elementor-widget-container\">\n\t\t\t\t\t<div class=\"elementor-button-wrapper\">\n\t\t\t<a href=\"https:\/\/preprod.travelbrands.com\/contact-us\/\" class=\"elementor-button-link elementor-button elementor-size-sm\" role=\"button\">\n\t\t\t\t\t\t<span class=\"elementor-button-content-wrapper\">\n\t\t\t\t\t\t<span class=\"elementor-button-text\">CONTACTEZ-NOUS<\/span>\n\t\t<\/span>\n\t\t\t\t\t<\/a>\n\t\t<\/div>\n\t\t\t\t<\/div>\n\t\t\t\t<\/div>\n\t\t\t\t\t<\/div>\n\t\t<\/div>\n\t\t\t\t\t\t\t<\/div>\n\t\t<\/section>\n\t\t\t\t<section class=\"elementor-section elementor-top-section elementor-element elementor-element-0b5f837 elementor-section-stretched elementor-section-boxed elementor-section-height-default elementor-section-height-default\" data-id=\"0b5f837\" data-element_type=\"section\" data-settings=\"{&quot;stretch_section&quot;:&quot;section-stretched&quot;,&quot;background_background&quot;:&quot;classic&quot;}\">\n\t\t\t\t\t\t<div class=\"elementor-container elementor-column-gap-no\">\n\t\t\t\t\t<div class=\"elementor-column elementor-col-50 elementor-top-column elementor-element elementor-element-16ebb36 elementor-invisible\" data-id=\"16ebb36\" data-element_type=\"column\" data-settings=\"{&quot;animation&quot;:&quot;fadeInLeft&quot;,&quot;background_background&quot;:&quot;classic&quot;}\">\n\t\t\t<div class=\"elementor-widget-wrap elementor-element-populated\">\n\t\t\t\t\t\t\t\t<div class=\"elementor-element elementor-element-1ae9e3d gyan-title-st-line-after elementor-widget elementor-widget-gyan_title\" data-id=\"1ae9e3d\" data-element_type=\"widget\" data-widget_type=\"gyan_title.default\">\n\t\t\t\t<div class=\"elementor-widget-container\">\n\t\t\t\t\t<div class=\"gyan-title\">\r\n\t\t\t<div class=\"gyan-title-subtitle\"><span>UNE COMMUNAUT\u00c9 EXCLUSIVE POUR LES AGENTS<\/span><\/div><h2 class=\"gyan-title-heading\">Rejoignez-nous sur Facebook<\/h2>\t\t<\/div>\r\n\t\t\t\t<\/div>\n\t\t\t\t<\/div>\n\t\t\t\t<div class=\"elementor-element elementor-element-28c1617 elementor-widget elementor-widget-text-editor\" data-id=\"28c1617\" data-element_type=\"widget\" data-widget_type=\"text-editor.default\">\n\t\t\t\t<div class=\"elementor-widget-container\">\n\t\t\t<style>\/*! elementor - v3.13.3 - 28-05-2023 *\/\n.elementor-widget-text-editor.elementor-drop-cap-view-stacked .elementor-drop-cap{background-color:#69727d;color:#fff}.elementor-widget-text-editor.elementor-drop-cap-view-framed .elementor-drop-cap{color:#69727d;border:3px solid;background-color:transparent}.elementor-widget-text-editor:not(.elementor-drop-cap-view-default) .elementor-drop-cap{margin-top:8px}.elementor-widget-text-editor:not(.elementor-drop-cap-view-default) .elementor-drop-cap-letter{width:1em;height:1em}.elementor-widget-text-editor .elementor-drop-cap{float:left;text-align:center;line-height:1;font-size:50px}.elementor-widget-text-editor .elementor-drop-cap-letter{display:inline-block}<\/style>\t\t\t\t<p>Nous nous engageons \u00e0 am\u00e9liorer continuellement nos services afin de mieux r\u00e9pondre aux besoins de nos pr\u00e9cieux partenaires agents de voyages. \u00c0 cette fin, nous avons cr\u00e9\u00e9 une communaut\u00e9 en ligne con\u00e7ue exclusivement pour les agents de voyages canadiens d\u00e9tenteurs d\u2019un compte Voyages TravelBrands. Notre groupe Facebook, <a href=\"https:\/\/www.facebook.com\/groups\/VosRepsVoyagesTravelBrands\/\">Vos Reps Voyages TravelBrands | Facebook<\/a>, offre une panoplie de ressources, notamment des informations sur les promotions en cours, des outils b\u00e9n\u00e9fiques et un forum ouvert pour poser et r\u00e9pondre \u00e0 des questions au sujet de nos produits et services. En tant que membre de cette communaut\u00e9 exclusive, vous aurez acc\u00e8s \u00e0 un r\u00e9seau d\u2019experts en voyages et aux derni\u00e8res nouvelles et mises \u00e0 jour de Voyages TravelBrands. En favorisant un sens de la communaut\u00e9 et de la collaboration, nous pouvons aider nos partenaires \u00e0 faire d\u00e9velopper leurs entreprises et \u00e0 atteindre un plus grand succ\u00e8s.<\/p>\t\t\t\t\t\t<\/div>\n\t\t\t\t<\/div>\n\t\t\t\t\t<\/div>\n\t\t<\/div>\n\t\t\t\t<div class=\"elementor-column elementor-col-50 elementor-top-column elementor-element elementor-element-11d1e84 elementor-invisible\" data-id=\"11d1e84\" data-element_type=\"column\" data-settings=\"{&quot;animation&quot;:&quot;fadeInLeft&quot;,&quot;background_background&quot;:&quot;classic&quot;}\">\n\t\t\t<div class=\"elementor-widget-wrap\">\n\t\t\t\t\t\t\t\t\t<\/div>\n\t\t<\/div>\n\t\t\t\t\t\t\t<\/div>\n\t\t<\/section>\n\t\t\t\t<section class=\"elementor-section elementor-top-section elementor-element elementor-element-bd3d9d7 elementor-section-stretched elementor-section-boxed elementor-section-height-default elementor-section-height-default\" data-id=\"bd3d9d7\" data-element_type=\"section\" data-settings=\"{&quot;stretch_section&quot;:&quot;section-stretched&quot;,&quot;background_background&quot;:&quot;classic&quot;}\">\n\t\t\t\t\t\t<div class=\"elementor-container elementor-column-gap-no\">\n\t\t\t\t\t<div class=\"elementor-column elementor-col-50 elementor-top-column elementor-element elementor-element-9720d31 elementor-invisible\" data-id=\"9720d31\" data-element_type=\"column\" data-settings=\"{&quot;animation&quot;:&quot;fadeInLeft&quot;,&quot;background_background&quot;:&quot;classic&quot;}\">\n\t\t\t<div class=\"elementor-widget-wrap\">\n\t\t\t\t\t\t\t\t\t<\/div>\n\t\t<\/div>\n\t\t\t\t<div class=\"elementor-column elementor-col-50 elementor-top-column elementor-element elementor-element-68491f3 elementor-invisible\" data-id=\"68491f3\" data-element_type=\"column\" data-settings=\"{&quot;animation&quot;:&quot;fadeInRight&quot;,&quot;background_background&quot;:&quot;classic&quot;}\">\n\t\t\t<div class=\"elementor-widget-wrap elementor-element-populated\">\n\t\t\t\t\t\t\t\t<div class=\"elementor-element elementor-element-99c6432 gyan-title-st-line-after elementor-widget elementor-widget-gyan_title\" data-id=\"99c6432\" data-element_type=\"widget\" data-widget_type=\"gyan_title.default\">\n\t\t\t\t<div class=\"elementor-widget-container\">\n\t\t\t\t\t<div class=\"gyan-title\">\r\n\t\t\t<div class=\"gyan-title-subtitle\"><span>APPR\u00c9CIATION DES AGENTS<\/span><\/div><h2 class=\"gyan-title-heading\">Programme R\u00e9compenses Fid\u00e9lit\u00e9 de Voyages TravelBrands<\/h2>\t\t<\/div>\r\n\t\t\t\t<\/div>\n\t\t\t\t<\/div>\n\t\t\t\t<div class=\"elementor-element elementor-element-c483363 elementor-widget elementor-widget-text-editor\" data-id=\"c483363\" data-element_type=\"widget\" data-widget_type=\"text-editor.default\">\n\t\t\t\t<div class=\"elementor-widget-container\">\n\t\t\t\t\t\t\t<p><span style=\"font-weight: 400;\">Chez Voyages TravelBrands, nous reconnaissons le travail acharn\u00e9 et le d\u00e9vouement des agents de voyages canadiens. Pour cette raison, nous avons cr\u00e9\u00e9 le programme R\u00e9compenses Fid\u00e9lit\u00e9 Voyages TravelBrands, disponible pour tous les utilisateurs d\u2019Access+. En participant \u00e0 ce programme, les agents de voyages peuvent obtenir des points sur tous les produits de Voyages TravelBrands et les \u00e9changer pour divers prix, y compris de la marchandise, des voyages, des certificats cadeaux et la possibilit\u00e9 de faire un don \u00e0 des fondations et des charit\u00e9s. Le programme R\u00e9compenses Fid\u00e9lit\u00e9 est une des nombreuses fa\u00e7ons que nous nous effor\u00e7ons de fournir un service et un soutien exceptionnels \u00e0 nos clients. Pour en savoir plus sur le programme et sur la mani\u00e8re d\u2019y participer, visitez le <\/span><a href=\"http:\/\/www.travelbrandsaccess.com\"><span style=\"font-weight: 400;\"><span style=\"color: #d83030;\">www.travelbrandsaccess.com<\/span><\/span><\/a><span style=\"font-weight: 400;\"> d\u00e8s aujourd\u2019hui.<\/span><\/p>\t\t\t\t\t\t<\/div>\n\t\t\t\t<\/div>\n\t\t\t\t\t<\/div>\n\t\t<\/div>\n\t\t\t\t\t\t\t<\/div>\n\t\t<\/section>\n\t\t\t\t\t\t\t<\/div>\n\t\t","protected":false},"excerpt":{"rendered":"<p>#VoyagesTravelBrands AimeLesAgents Chez Voyages TravelBrands, nous reconnaissons le fait que nos agents de voyages sont notre plus grand atout. C\u2019est pourquoi nous avons \u00e9labor\u00e9 une plateforme tout-en-un qui permet aux agents de voyages de travailler plus intelligemment et non plus durement. Notre plateforme offre une flexibilit\u00e9 totale pour la r\u00e9servation [&hellip;]<\/p>\n","protected":false},"author":1,"featured_media":0,"parent":0,"menu_order":0,"comment_status":"closed","ping_status":"closed","template":"elementor_header_footer","meta":{"footnotes":""},"class_list":["post-5711","page","type-page","status-publish","hentry"],"_links":{"self":[{"href":"https:\/\/www.travelbrands.com\/fr\/wp-json\/wp\/v2\/pages\/5711","targetHints":{"allow":["GET"]}}],"collection":[{"href":"https:\/\/www.travelbrands.com\/fr\/wp-json\/wp\/v2\/pages"}],"about":[{"href":"https:\/\/www.travelbrands.com\/fr\/wp-json\/wp\/v2\/types\/page"}],"author":[{"embeddable":true,"href":"https:\/\/www.travelbrands.com\/fr\/wp-json\/wp\/v2\/users\/1"}],"replies":[{"embeddable":true,"href":"https:\/\/www.travelbrands.com\/fr\/wp-json\/wp\/v2\/comments?post=5711"}],"version-history":[{"count":8,"href":"https:\/\/www.travelbrands.com\/fr\/wp-json\/wp\/v2\/pages\/5711\/revisions"}],"predecessor-version":[{"id":5719,"href":"https:\/\/www.travelbrands.com\/fr\/wp-json\/wp\/v2\/pages\/5711\/revisions\/5719"}],"wp:attachment":[{"href":"https:\/\/www.travelbrands.com\/fr\/wp-json\/wp\/v2\/media?parent=5711"}],"curies":[{"name":"wp","href":"https:\/\/api.w.org\/{rel}","templated":true}]}}