{"id":5720,"date":"2023-03-16T18:37:05","date_gmt":"2023-03-16T18:37:05","guid":{"rendered":"https:\/\/preprod.travelbrands.com\/carrieres\/"},"modified":"2026-03-23T20:19:47","modified_gmt":"2026-03-23T20:19:47","slug":"carrieres","status":"publish","type":"page","link":"https:\/\/www.travelbrands.com\/fr\/carrieres\/","title":{"rendered":"Carri\u00e8res"},"content":{"rendered":"\t\t<div data-elementor-type=\"wp-page\" data-elementor-id=\"5720\" class=\"elementor elementor-5720 elementor-2502\">\n\t\t\t\t\t\t\t\t\t<section class=\"elementor-section elementor-top-section elementor-element elementor-element-31e82332 elementor-section-stretched elementor-section-content-top elementor-section-boxed elementor-section-height-default elementor-section-height-default\" data-id=\"31e82332\" data-element_type=\"section\" data-settings=\"{&quot;stretch_section&quot;:&quot;section-stretched&quot;,&quot;background_background&quot;:&quot;classic&quot;}\">\n\t\t\t\t\t\t\t<div class=\"elementor-background-overlay\"><\/div>\n\t\t\t\t\t\t\t<div class=\"elementor-container elementor-column-gap-no\">\n\t\t\t\t\t<div class=\"elementor-column elementor-col-100 elementor-top-column elementor-element elementor-element-277e46e\" data-id=\"277e46e\" data-element_type=\"column\">\n\t\t\t<div class=\"elementor-widget-wrap elementor-element-populated\">\n\t\t\t\t\t\t\t\t<div class=\"elementor-element elementor-element-f3e00e8 elementor-invisible elementor-widget elementor-widget-image\" data-id=\"f3e00e8\" data-element_type=\"widget\" data-settings=\"{&quot;_animation&quot;:&quot;zoomIn&quot;}\" data-widget_type=\"image.default\">\n\t\t\t\t<div class=\"elementor-widget-container\">\n\t\t\t<style>\/*! elementor - v3.13.3 - 28-05-2023 *\/\n.elementor-widget-image{text-align:center}.elementor-widget-image a{display:inline-block}.elementor-widget-image a img[src$=\".svg\"]{width:48px}.elementor-widget-image img{vertical-align:middle;display:inline-block}<\/style>\t\t\t\t\t\t\t\t\t\t\t\t<img loading=\"lazy\" decoding=\"async\" width=\"1200\" height=\"627\" src=\"https:\/\/www.travelbrands.com\/wp-content\/uploads\/2024\/09\/41378-_TB-LinkedIn-Ad_12AUG21-Fr_01_1200-x-627.jpg\" class=\"attachment-full size-full wp-image-5722\" alt=\"\" srcset=\"https:\/\/www.travelbrands.com\/wp-content\/uploads\/2024\/09\/41378-_TB-LinkedIn-Ad_12AUG21-Fr_01_1200-x-627.jpg 1200w, https:\/\/www.travelbrands.com\/wp-content\/uploads\/2024\/09\/41378-_TB-LinkedIn-Ad_12AUG21-Fr_01_1200-x-627-300x157.jpg 300w, https:\/\/www.travelbrands.com\/wp-content\/uploads\/2024\/09\/41378-_TB-LinkedIn-Ad_12AUG21-Fr_01_1200-x-627-1024x535.jpg 1024w, https:\/\/www.travelbrands.com\/wp-content\/uploads\/2024\/09\/41378-_TB-LinkedIn-Ad_12AUG21-Fr_01_1200-x-627-768x401.jpg 768w\" sizes=\"auto, (max-width: 1200px) 100vw, 1200px\" \/>\t\t\t\t\t\t\t\t\t\t\t\t\t\t\t<\/div>\n\t\t\t\t<\/div>\n\t\t\t\t\t<\/div>\n\t\t<\/div>\n\t\t\t\t\t\t\t<\/div>\n\t\t<\/section>\n\t\t\t\t<section class=\"elementor-section elementor-top-section elementor-element elementor-element-cf0e999 elementor-section-stretched elementor-section-content-top elementor-section-boxed elementor-section-height-default elementor-section-height-default\" data-id=\"cf0e999\" data-element_type=\"section\" data-settings=\"{&quot;stretch_section&quot;:&quot;section-stretched&quot;,&quot;background_background&quot;:&quot;classic&quot;}\">\n\t\t\t\t\t\t\t<div class=\"elementor-background-overlay\"><\/div>\n\t\t\t\t\t\t\t<div class=\"elementor-container elementor-column-gap-no\">\n\t\t\t\t\t<div class=\"elementor-column elementor-col-100 elementor-top-column elementor-element elementor-element-1eb4614 elementor-invisible\" data-id=\"1eb4614\" data-element_type=\"column\" data-settings=\"{&quot;animation&quot;:&quot;fadeInUp&quot;}\">\n\t\t\t<div class=\"elementor-widget-wrap elementor-element-populated\">\n\t\t\t\t\t\t\t\t<div class=\"elementor-element elementor-element-08e461b elementor-widget elementor-widget-gyan_animated_text\" data-id=\"08e461b\" data-element_type=\"widget\" data-widget_type=\"gyan_animated_text.default\">\n\t\t\t\t<div class=\"elementor-widget-container\">\n\t\t\t\t\t<div class=\"gyan-animated-text\"\r\n\t\tdata-animated-text=\"notre \u00e9quipe@@\"\r\n\t\tdata-anim=\"typing\"\r\n\t\tdata-speed=\"100\"\r\n\t\tdata-delay=\"2000\"\r\n\t\tdata-cursor=\"yes\"\r\n\t\tdata-loop=\"yes\">\r\n\t\t\t<h2 class=\"gyan-animated-text-tag\"><span class=\"gyan-animated-text-prefix\">Rejoignez<\/span> <span class=\"gyan-animated-text-strings\">notre \u00e9quipe<\/span> <\/h2>\r\n\t\t<\/div><!-- .gyan-animated-text -->\r\n\t\t\t\t<\/div>\n\t\t\t\t<\/div>\n\t\t\t\t<div class=\"elementor-element elementor-element-8e688b3 elementor-widget elementor-widget-heading\" data-id=\"8e688b3\" data-element_type=\"widget\" data-widget_type=\"heading.default\">\n\t\t\t\t<div class=\"elementor-widget-container\">\n\t\t\t<style>\/*! elementor - v3.13.3 - 28-05-2023 *\/\n.elementor-heading-title{padding:0;margin:0;line-height:1}.elementor-widget-heading .elementor-heading-title[class*=elementor-size-]>a{color:inherit;font-size:inherit;line-height:inherit}.elementor-widget-heading .elementor-heading-title.elementor-size-small{font-size:15px}.elementor-widget-heading .elementor-heading-title.elementor-size-medium{font-size:19px}.elementor-widget-heading .elementor-heading-title.elementor-size-large{font-size:29px}.elementor-widget-heading .elementor-heading-title.elementor-size-xl{font-size:39px}.elementor-widget-heading .elementor-heading-title.elementor-size-xxl{font-size:59px}<\/style><h2 class=\"elementor-heading-title elementor-size-default\">Nous embauchons pours divers r\u00f4les passionnants dans l\u2019industrie du voyage!<\/h2>\t\t<\/div>\n\t\t\t\t<\/div>\n\t\t\t\t<div class=\"elementor-element elementor-element-8d70701 elementor-widget elementor-widget-text-editor\" data-id=\"8d70701\" data-element_type=\"widget\" data-widget_type=\"text-editor.default\">\n\t\t\t\t<div class=\"elementor-widget-container\">\n\t\t\t<style>\/*! elementor - v3.13.3 - 28-05-2023 *\/\n.elementor-widget-text-editor.elementor-drop-cap-view-stacked .elementor-drop-cap{background-color:#69727d;color:#fff}.elementor-widget-text-editor.elementor-drop-cap-view-framed .elementor-drop-cap{color:#69727d;border:3px solid;background-color:transparent}.elementor-widget-text-editor:not(.elementor-drop-cap-view-default) .elementor-drop-cap{margin-top:8px}.elementor-widget-text-editor:not(.elementor-drop-cap-view-default) .elementor-drop-cap-letter{width:1em;height:1em}.elementor-widget-text-editor .elementor-drop-cap{float:left;text-align:center;line-height:1;font-size:50px}.elementor-widget-text-editor .elementor-drop-cap-letter{display:inline-block}<\/style>\t\t\t\t<p>Des opportunit\u00e9s incroyables vous attendent dans l\u2019industrie du voyage! Rejoignez notre \u00e9quipe de l\u00e9gendes du voyage et d\u00e9couvrez le monde avec intention. Notre mission est de rendre le voyage l\u00e9gendaire pour les voyageurs ET pour nos membres d\u2019\u00e9quipe. Nous proposons des carri\u00e8res \u00e9panouissantes qui offrent un potentiel illimit\u00e9 pour d\u00e9velopper vos id\u00e9es et vos passions. D\u00e9couvrez votre don unique au monde et lib\u00e9rez votre talent avec nous.<\/p>\t\t\t\t\t\t<\/div>\n\t\t\t\t<\/div>\n\t\t\t\t<div class=\"elementor-element elementor-element-ddc58fb elementor-widget elementor-widget-heading\" data-id=\"ddc58fb\" data-element_type=\"widget\" data-widget_type=\"heading.default\">\n\t\t\t\t<div class=\"elementor-widget-container\">\n\t\t\t<h2 class=\"elementor-heading-title elementor-size-default\">Ce qui vous attend \u00e0 votre destination<\/h2>\t\t<\/div>\n\t\t\t\t<\/div>\n\t\t\t\t<div class=\"elementor-element elementor-element-d14dfb0 elementor-widget elementor-widget-text-editor\" data-id=\"d14dfb0\" data-element_type=\"widget\" data-widget_type=\"text-editor.default\">\n\t\t\t\t<div class=\"elementor-widget-container\">\n\t\t\t\t\t\t\t<p>Salaire concurrentiel | Forfait d\u2019avantages sociaux | R\u00e9gime de contrepartie des REER | R\u00e9gime de primes et d\u2019incitatifs | Formation r\u00e9mun\u00e9r\u00e9e | Cong\u00e9 d\u2019anniversaire r\u00e9mun\u00e9r\u00e9 | Programme de travail hybride | Possibilit\u00e9s d\u2019avancement | Une \u00e9quipe divertissante et dynamique<\/p>\t\t\t\t\t\t<\/div>\n\t\t\t\t<\/div>\n\t\t\t\t<div class=\"elementor-element elementor-element-e72f27d elementor-widget elementor-widget-heading\" data-id=\"e72f27d\" data-element_type=\"widget\" data-widget_type=\"heading.default\">\n\t\t\t\t<div class=\"elementor-widget-container\">\n\t\t\t<h2 class=\"elementor-heading-title elementor-size-default\">N\u2019h\u00e9sitez pas \u00e0 nous contacter! Vous trouverez ci-bas nos derni\u00e8res offres d\u2019emploi. <\/h2>\t\t<\/div>\n\t\t\t\t<\/div>\n\t\t\t\t<div class=\"elementor-element elementor-element-343adb4 elementor-hidden-desktop elementor-hidden-tablet elementor-hidden-mobile gyan-icon-list-traditional gyan-icon-left elementor-widget elementor-widget-gyan_icon_list\" data-id=\"343adb4\" data-element_type=\"widget\" data-widget_type=\"gyan_icon_list.default\">\n\t\t\t\t<div class=\"elementor-widget-container\">\n\t\t\t        <div class=\"gyan-icon-list-wrap\">\n            <ul class=\"gyan-ilist-items\">\n                                                            <li>\n                            <a href=\"https:\/\/www.travelbrands.com\/wp-content\/uploads\/2024\/04\/JD-Full-Stack-Tech-Lead-EN.pdf\" target=\"_blank\">                                    <span class=\"gyan-icon-wrapper\">\n                                                                                        <span class=\"gyan-icon-list-icon gyan-icon \"><i aria-hidden=\"true\" class=\"fas fa-cloud-download-alt\"><\/i><\/span>\n\t\t\t\t\t\t\t\t\t\t\t\t                                    <\/span>\n                                    <span class=\"gyan-icon-list-text\">JD Full Stack Tech Lead (EN)<\/span><\/a>                        <\/li>\n                                                                                <li>\n                            <a href=\"https:\/\/www.travelbrands.com\/wp-content\/uploads\/2024\/05\/Responsable-technique-Full-Stack.pdf\" target=\"_blank\">                                    <span class=\"gyan-icon-wrapper\">\n                                                                                        <span class=\"gyan-icon-list-icon gyan-icon \"><i aria-hidden=\"true\" class=\"fas fa-cloud-download-alt\"><\/i><\/span>\n\t\t\t\t\t\t\t\t\t\t\t\t                                    <\/span>\n                                    <span class=\"gyan-icon-list-text\"> Responsable technique Full Stack<\/span><\/a>                        <\/li>\n                                                <\/ul>\n        <\/div>\n        \t\t<\/div>\n\t\t\t\t<\/div>\n\t\t\t\t<div class=\"elementor-element elementor-element-4f343d6 elementor-widget elementor-widget-heading\" data-id=\"4f343d6\" data-element_type=\"widget\" data-widget_type=\"heading.default\">\n\t\t\t\t<div class=\"elementor-widget-container\">\n\t\t\t<h2 class=\"elementor-heading-title elementor-size-default\">Veuillez envoyer votre curriculum vitae \u00e0  <a href=\"mailto:careers@travelbrands.com\" style=\"color:#D83030;\">careers@travelbrands.com<\/a><\/h2>\t\t<\/div>\n\t\t\t\t<\/div>\n\t\t\t\t<div class=\"elementor-element elementor-element-9e21eb5 elementor-widget elementor-widget-text-editor\" data-id=\"9e21eb5\" data-element_type=\"widget\" data-widget_type=\"text-editor.default\">\n\t\t\t\t<div class=\"elementor-widget-container\">\n\t\t\t\t\t\t\t<p>*Avis aux candidats \u2013 Vous serez contact\u00e9 si vous \u00eates s\u00e9lectionn\u00e9 pour un entretien. Conform\u00e9ment \u00e0 a Loi sur l&rsquo;accessibilit\u00e9 pour les personnes handicap\u00e9es de l&rsquo;Ontario (LAPHO), Voyages TravelBrands Inc. fournira des accommodements, des formats accessibles et des supports de communication pour l\u2019entretien sur demande*<\/p>\t\t\t\t\t\t<\/div>\n\t\t\t\t<\/div>\n\t\t\t\t\t<\/div>\n\t\t<\/div>\n\t\t\t\t\t\t\t<\/div>\n\t\t<\/section>\n\t\t\t\t<section class=\"elementor-section elementor-top-section elementor-element elementor-element-15d8016 elementor-section-boxed elementor-section-height-default elementor-section-height-default\" data-id=\"15d8016\" data-element_type=\"section\">\n\t\t\t\t\t\t<div class=\"elementor-container elementor-column-gap-default\">\n\t\t\t\t\t<div class=\"elementor-column elementor-col-33 elementor-top-column elementor-element elementor-element-23ea6f0\" data-id=\"23ea6f0\" data-element_type=\"column\" data-settings=\"{&quot;background_background&quot;:&quot;classic&quot;}\">\n\t\t\t<div class=\"elementor-widget-wrap elementor-element-populated\">\n\t\t\t\t\t\t\t\t<div class=\"elementor-element elementor-element-f839009 elementor-widget elementor-widget-heading\" data-id=\"f839009\" data-element_type=\"widget\" data-widget_type=\"heading.default\">\n\t\t\t\t<div class=\"elementor-widget-container\">\n\t\t\t<h5 class=\"elementor-heading-title elementor-size-default\">Coordonnateur des ventes internes-Bilingue<\/h5>\t\t<\/div>\n\t\t\t\t<\/div>\n\t\t\t\t<div class=\"elementor-element elementor-element-5059851 elementor-widget elementor-widget-text-editor\" data-id=\"5059851\" data-element_type=\"widget\" data-widget_type=\"text-editor.default\">\n\t\t\t\t<div class=\"elementor-widget-container\">\n\t\t\t\t\t\t\t<ul type=\"square\"><li><b><span lang=\"FR-CA\">Poste:\u00a0<\/span><\/b><span lang=\"FR\">Coordonnateur des ventes internes-Bilingue<\/span><u><\/u><u><\/u><\/li><li><b><span lang=\"FR-CA\">D\u00e9partement :\u00a0<\/span><\/b><span lang=\"FR\">Ventes en gros<\/span><b><\/b><u><\/u><u><\/u><\/li><li><b><span lang=\"FR-CA\">Rend compte \u00e0 :\u00a0<\/span><\/b><span lang=\"FR\">Directeur des ventes et du d\u00e9veloppement strat\u00e9gique<\/span><u><\/u><u><\/u><\/li><li><b><span lang=\"FR-CA\">Statut :\u00a0<\/span><\/b><span lang=\"FR-CA\">Temps plein<\/span><u><\/u><u><\/u><\/li><li><b><span lang=\"FR-CA\">Lieu de travail :\u00a0<\/span><\/b><span lang=\"FR\">Province du Qu\u00e9bec &#8211; Hybride<\/span><\/li><\/ul>\t\t\t\t\t\t<\/div>\n\t\t\t\t<\/div>\n\t\t\t\t<div class=\"elementor-element elementor-element-1621bb7 elementor-align-center elementor-widget elementor-widget-button\" data-id=\"1621bb7\" data-element_type=\"widget\" data-widget_type=\"button.default\">\n\t\t\t\t<div class=\"elementor-widget-container\">\n\t\t\t\t\t<div class=\"elementor-button-wrapper\">\n\t\t\t<a href=\"http:\/\/www.travelbrands.com\/wp-content\/uploads\/2026\/02\/Coordonnateur-des-ventes-internes-Bilingue_Fr.pdf\" target=\"_blank\" class=\"elementor-button-link elementor-button elementor-size-md\" role=\"button\">\n\t\t\t\t\t\t<span class=\"elementor-button-content-wrapper\">\n\t\t\t\t\t\t<span class=\"elementor-button-text\">Read More<\/span>\n\t\t<\/span>\n\t\t\t\t\t<\/a>\n\t\t<\/div>\n\t\t\t\t<\/div>\n\t\t\t\t<\/div>\n\t\t\t\t\t<\/div>\n\t\t<\/div>\n\t\t\t\t<div class=\"elementor-column elementor-col-33 elementor-top-column elementor-element elementor-element-def5d33\" data-id=\"def5d33\" data-element_type=\"column\" data-settings=\"{&quot;background_background&quot;:&quot;classic&quot;}\">\n\t\t\t<div class=\"elementor-widget-wrap elementor-element-populated\">\n\t\t\t\t\t\t\t\t<div class=\"elementor-element elementor-element-afdf96c elementor-widget elementor-widget-heading\" data-id=\"afdf96c\" data-element_type=\"widget\" data-widget_type=\"heading.default\">\n\t\t\t\t<div class=\"elementor-widget-container\">\n\t\t\t<h5 class=\"elementor-heading-title elementor-size-default\">Agent de r\u00e9servation a\u00e9rienne bilingue, centre d'appels<\/h5>\t\t<\/div>\n\t\t\t\t<\/div>\n\t\t\t\t<div class=\"elementor-element elementor-element-db0b8b5 elementor-widget elementor-widget-text-editor\" data-id=\"db0b8b5\" data-element_type=\"widget\" data-widget_type=\"text-editor.default\">\n\t\t\t\t<div class=\"elementor-widget-container\">\n\t\t\t\t\t\t\t<ul><li><strong>Poste:<\/strong> Agent de r\u00e9servation a\u00e9rienne bilingue, centre d&rsquo;appels<\/li><li><strong>D\u00e9partement :<\/strong> A\u00e9rien<\/li><li><strong>Rend compte \u00e0 :<\/strong> Directeur principal du centre d&rsquo;appels et des op\u00e9rations a\u00e9riennes<\/li><li><strong>Statut :<\/strong> Temps plein<\/li><li><strong>Lieu de travail :<\/strong> Canada\/Travail \u00e0 distance<\/li><\/ul>\t\t\t\t\t\t<\/div>\n\t\t\t\t<\/div>\n\t\t\t\t<div class=\"elementor-element elementor-element-97b04bc elementor-align-center elementor-widget elementor-widget-button\" data-id=\"97b04bc\" data-element_type=\"widget\" data-widget_type=\"button.default\">\n\t\t\t\t<div class=\"elementor-widget-container\">\n\t\t\t\t\t<div class=\"elementor-button-wrapper\">\n\t\t\t<a href=\"http:\/\/www.travelbrands.com\/wp-content\/uploads\/2026\/02\/Bilingual-Air-Reservation-Agent-Call-Center_En-Fr.pdf\" target=\"_blank\" class=\"elementor-button-link elementor-button elementor-size-md\" role=\"button\">\n\t\t\t\t\t\t<span class=\"elementor-button-content-wrapper\">\n\t\t\t\t\t\t<span class=\"elementor-button-text\">Read More<\/span>\n\t\t<\/span>\n\t\t\t\t\t<\/a>\n\t\t<\/div>\n\t\t\t\t<\/div>\n\t\t\t\t<\/div>\n\t\t\t\t\t<\/div>\n\t\t<\/div>\n\t\t\t\t<div class=\"elementor-column elementor-col-33 elementor-top-column elementor-element elementor-element-9fc27f6\" data-id=\"9fc27f6\" data-element_type=\"column\" data-settings=\"{&quot;background_background&quot;:&quot;classic&quot;}\">\n\t\t\t<div class=\"elementor-widget-wrap elementor-element-populated\">\n\t\t\t\t\t\t\t\t<div class=\"elementor-element elementor-element-c0f89bb elementor-widget elementor-widget-heading\" data-id=\"c0f89bb\" data-element_type=\"widget\" data-widget_type=\"heading.default\">\n\t\t\t\t<div class=\"elementor-widget-container\">\n\t\t\t<h5 class=\"elementor-heading-title elementor-size-default\">Comptable senior<\/h5>\t\t<\/div>\n\t\t\t\t<\/div>\n\t\t\t\t<div class=\"elementor-element elementor-element-721e5c5 elementor-widget elementor-widget-text-editor\" data-id=\"721e5c5\" data-element_type=\"widget\" data-widget_type=\"text-editor.default\">\n\t\t\t\t<div class=\"elementor-widget-container\">\n\t\t\t\t\t\t\t<p><strong>Poste :<\/strong> Comptable senior<br \/><strong>Service :<\/strong> Finance<br \/><strong>Statut :<\/strong> poste \u00e0 temps plein<br \/><strong>Sup\u00e9rieur hi\u00e9rarchique :<\/strong> Directeur financier<br \/><strong>Lieu :<\/strong> Toronto, mode hybride<br \/><strong>Fourchette salariale :<\/strong> 70 000 $ &#8211; 80 000 $<br \/><strong>Type de poste :<\/strong> Remplacement<br \/><strong>Statut du recrutement :<\/strong> Recrutement en cours<\/p>\t\t\t\t\t\t<\/div>\n\t\t\t\t<\/div>\n\t\t\t\t<div class=\"elementor-element elementor-element-8bc3927 elementor-align-center elementor-widget elementor-widget-button\" data-id=\"8bc3927\" data-element_type=\"widget\" data-widget_type=\"button.default\">\n\t\t\t\t<div class=\"elementor-widget-container\">\n\t\t\t\t\t<div class=\"elementor-button-wrapper\">\n\t\t\t<a href=\"http:\/\/www.travelbrands.com\/wp-content\/uploads\/2026\/03\/Senior-Accountant-EN-FR.pdf\" target=\"_blank\" class=\"elementor-button-link elementor-button elementor-size-md\" role=\"button\">\n\t\t\t\t\t\t<span class=\"elementor-button-content-wrapper\">\n\t\t\t\t\t\t<span class=\"elementor-button-text\">Read More<\/span>\n\t\t<\/span>\n\t\t\t\t\t<\/a>\n\t\t<\/div>\n\t\t\t\t<\/div>\n\t\t\t\t<\/div>\n\t\t\t\t\t<\/div>\n\t\t<\/div>\n\t\t\t\t\t\t\t<\/div>\n\t\t<\/section>\n\t\t\t\t\t\t\t<\/div>\n\t\t","protected":false},"excerpt":{"rendered":"<p>Rejoignez notre \u00e9quipe Nous embauchons pours divers r\u00f4les passionnants dans l\u2019industrie du voyage! Des opportunit\u00e9s incroyables vous attendent dans l\u2019industrie du voyage! Rejoignez notre \u00e9quipe de l\u00e9gendes du voyage et d\u00e9couvrez le monde avec intention. Notre mission est de rendre le voyage l\u00e9gendaire pour les voyageurs ET pour nos membres [&hellip;]<\/p>\n","protected":false},"author":1,"featured_media":0,"parent":0,"menu_order":0,"comment_status":"closed","ping_status":"closed","template":"elementor_header_footer","meta":{"footnotes":""},"class_list":["post-5720","page","type-page","status-publish","hentry"],"_links":{"self":[{"href":"https:\/\/www.travelbrands.com\/fr\/wp-json\/wp\/v2\/pages\/5720","targetHints":{"allow":["GET"]}}],"collection":[{"href":"https:\/\/www.travelbrands.com\/fr\/wp-json\/wp\/v2\/pages"}],"about":[{"href":"https:\/\/www.travelbrands.com\/fr\/wp-json\/wp\/v2\/types\/page"}],"author":[{"embeddable":true,"href":"https:\/\/www.travelbrands.com\/fr\/wp-json\/wp\/v2\/users\/1"}],"replies":[{"embeddable":true,"href":"https:\/\/www.travelbrands.com\/fr\/wp-json\/wp\/v2\/comments?post=5720"}],"version-history":[{"count":106,"href":"https:\/\/www.travelbrands.com\/fr\/wp-json\/wp\/v2\/pages\/5720\/revisions"}],"predecessor-version":[{"id":7551,"href":"https:\/\/www.travelbrands.com\/fr\/wp-json\/wp\/v2\/pages\/5720\/revisions\/7551"}],"wp:attachment":[{"href":"https:\/\/www.travelbrands.com\/fr\/wp-json\/wp\/v2\/media?parent=5720"}],"curies":[{"name":"wp","href":"https:\/\/api.w.org\/{rel}","templated":true}]}}