{"id":6012,"date":"2023-03-17T05:15:22","date_gmt":"2023-03-17T05:15:22","guid":{"rendered":"https:\/\/preprod.travelbrands.com\/social-responsibility\/"},"modified":"2024-09-05T01:21:13","modified_gmt":"2024-09-05T01:21:13","slug":"responsabilite-sociale","status":"publish","type":"page","link":"https:\/\/www.travelbrands.com\/fr\/responsabilite-sociale\/","title":{"rendered":"Responsabilit\u00e9 sociale"},"content":{"rendered":"\t\t<div data-elementor-type=\"wp-page\" data-elementor-id=\"6012\" class=\"elementor elementor-6012 elementor-2787\">\n\t\t\t\t\t\t\t\t\t<section class=\"elementor-section elementor-top-section elementor-element elementor-element-31e82332 elementor-section-stretched elementor-section-content-top elementor-section-boxed elementor-section-height-default elementor-section-height-default\" data-id=\"31e82332\" data-element_type=\"section\" data-settings=\"{&quot;stretch_section&quot;:&quot;section-stretched&quot;,&quot;background_background&quot;:&quot;classic&quot;}\">\n\t\t\t\t\t\t\t<div class=\"elementor-background-overlay\"><\/div>\n\t\t\t\t\t\t\t<div class=\"elementor-container elementor-column-gap-no\">\n\t\t\t\t\t<div class=\"elementor-column elementor-col-100 elementor-top-column elementor-element elementor-element-798f6e0f\" data-id=\"798f6e0f\" data-element_type=\"column\">\n\t\t\t<div class=\"elementor-widget-wrap elementor-element-populated\">\n\t\t\t\t\t\t\t\t<div class=\"elementor-element elementor-element-b4d9bbf elementor-widget elementor-widget-gyan_animated_text\" data-id=\"b4d9bbf\" data-element_type=\"widget\" data-widget_type=\"gyan_animated_text.default\">\n\t\t\t\t<div class=\"elementor-widget-container\">\n\t\t\t\t\t<div class=\"gyan-animated-text\"\r\n\t\tdata-animated-text=\"sociale @@\"\r\n\t\tdata-anim=\"typing\"\r\n\t\tdata-speed=\"100\"\r\n\t\tdata-delay=\"2000\"\r\n\t\tdata-cursor=\"yes\"\r\n\t\tdata-loop=\"yes\">\r\n\t\t\t<h2 class=\"gyan-animated-text-tag\"><span class=\"gyan-animated-text-prefix\">Responsabilit\u00e9 <\/span> <span class=\"gyan-animated-text-strings\">sociale <\/span> <span class=\"gyan-animated-text-suffix\">des entreprises<\/span><\/h2>\r\n\t\t<\/div><!-- .gyan-animated-text -->\r\n\t\t\t\t<\/div>\n\t\t\t\t<\/div>\n\t\t\t\t<div class=\"elementor-element elementor-element-12d5aa2f elementor-invisible elementor-widget elementor-widget-heading\" data-id=\"12d5aa2f\" data-element_type=\"widget\" data-settings=\"{&quot;_animation&quot;:&quot;fadeInUp&quot;}\" data-widget_type=\"heading.default\">\n\t\t\t\t<div class=\"elementor-widget-container\">\n\t\t\t<style>\/*! elementor - v3.13.3 - 28-05-2023 *\/\n.elementor-heading-title{padding:0;margin:0;line-height:1}.elementor-widget-heading .elementor-heading-title[class*=elementor-size-]>a{color:inherit;font-size:inherit;line-height:inherit}.elementor-widget-heading .elementor-heading-title.elementor-size-small{font-size:15px}.elementor-widget-heading .elementor-heading-title.elementor-size-medium{font-size:19px}.elementor-widget-heading .elementor-heading-title.elementor-size-large{font-size:29px}.elementor-widget-heading .elementor-heading-title.elementor-size-xl{font-size:39px}.elementor-widget-heading .elementor-heading-title.elementor-size-xxl{font-size:59px}<\/style><h2 class=\"elementor-heading-title elementor-size-default\">En tant qu\u2019\u00e9quipe, Voyages TravelBrands s\u2019efforce d\u2019aller au-del\u00e0 des objectifs commerciaux et contribue sa force motrice aux initiatives qui rendent notre monde meilleur. Voyages TravelBrands concentre ses efforts sur le rapprochement des gens afin d\u2019avoir un impact positif dans la mesure du possible.<\/h2>\t\t<\/div>\n\t\t\t\t<\/div>\n\t\t\t\t<div class=\"elementor-element elementor-element-16a6e950 elementor-align-center elementor-invisible elementor-widget elementor-widget-button\" data-id=\"16a6e950\" data-element_type=\"widget\" data-settings=\"{&quot;_animation&quot;:&quot;fadeInUp&quot;}\" data-widget_type=\"button.default\">\n\t\t\t\t<div class=\"elementor-widget-container\">\n\t\t\t\t\t<div class=\"elementor-button-wrapper\">\n\t\t\t<a href=\"https:\/\/preprod.travelbrands.com\/contact-us\/\" class=\"elementor-button-link elementor-button elementor-size-sm\" role=\"button\">\n\t\t\t\t\t\t<span class=\"elementor-button-content-wrapper\">\n\t\t\t\t\t\t<span class=\"elementor-button-text\">NOUS JOINDRE<\/span>\n\t\t<\/span>\n\t\t\t\t\t<\/a>\n\t\t<\/div>\n\t\t\t\t<\/div>\n\t\t\t\t<\/div>\n\t\t\t\t\t<\/div>\n\t\t<\/div>\n\t\t\t\t\t\t\t<\/div>\n\t\t<\/section>\n\t\t\t\t<section class=\"elementor-section elementor-top-section elementor-element elementor-element-25c40d1 elementor-section-stretched elementor-section-boxed elementor-section-height-default elementor-section-height-default\" data-id=\"25c40d1\" data-element_type=\"section\" data-settings=\"{&quot;stretch_section&quot;:&quot;section-stretched&quot;}\">\n\t\t\t\t\t\t<div class=\"elementor-container elementor-column-gap-no\">\n\t\t\t\t\t<div class=\"elementor-column elementor-col-100 elementor-top-column elementor-element elementor-element-f0dd039\" data-id=\"f0dd039\" data-element_type=\"column\">\n\t\t\t<div class=\"elementor-widget-wrap elementor-element-populated\">\n\t\t\t\t\t\t\t\t<section class=\"elementor-section elementor-inner-section elementor-element elementor-element-ba458ad elementor-section-boxed elementor-section-height-default elementor-section-height-default\" data-id=\"ba458ad\" data-element_type=\"section\">\n\t\t\t\t\t\t<div class=\"elementor-container elementor-column-gap-no\">\n\t\t\t\t\t<div class=\"elementor-column elementor-col-50 elementor-inner-column elementor-element elementor-element-fde0e76\" data-id=\"fde0e76\" data-element_type=\"column\">\n\t\t\t<div class=\"elementor-widget-wrap\">\n\t\t\t\t\t\t\t\t\t<\/div>\n\t\t<\/div>\n\t\t\t\t<div class=\"elementor-column elementor-col-50 elementor-inner-column elementor-element elementor-element-7e14e07\" data-id=\"7e14e07\" data-element_type=\"column\">\n\t\t\t<div class=\"elementor-widget-wrap elementor-element-populated\">\n\t\t\t\t\t\t\t\t<div class=\"elementor-element elementor-element-4f26019 gyan-title-desc-left elementor-widget elementor-widget-gyan_title\" data-id=\"4f26019\" data-element_type=\"widget\" data-widget_type=\"gyan_title.default\">\n\t\t\t\t<div class=\"elementor-widget-container\">\n\t\t\t\t\t<div class=\"gyan-title\">\r\n\t\t\t<h2 class=\"gyan-title-heading\">Soins de sant\u00e9 pour les enfants<\/h2><div class=\"gyan-title-desc\">Chez Voyages TravelBrands, nous nous engageons \u00e0 redonner \u00e0 notre communaut\u00e9, et une cause qui nous tient \u00e0 c\u0153ur est la Fondation SickKids. En tant que plus grand centre canadien d\u00e9di\u00e9 \u00e0 l\u2019am\u00e9lioration de la sant\u00e9 des enfants, SickKids fournit les meilleurs soins centr\u00e9s sur l\u2019enfant et la famille, cr\u00e9e des avanc\u00e9es cliniques et scientifiques r\u00e9volutionnaires et forme la prochaine g\u00e9n\u00e9ration d\u2019experts en sant\u00e9 infantile. C\u2019est pour cela que Voyages TravelBrands fait des dons tout au long de l\u2019ann\u00e9e pour soutenir leur mission. \u00c0 ce jour, nous avons r\u00e9colt\u00e9 plus de 1,8 million de dollars pour la Fondation SickKids.<\/div>\t\t<\/div>\r\n\t\t\t\t<\/div>\n\t\t\t\t<\/div>\n\t\t\t\t\t<\/div>\n\t\t<\/div>\n\t\t\t\t\t\t\t<\/div>\n\t\t<\/section>\n\t\t\t\t<section class=\"elementor-section elementor-inner-section elementor-element elementor-element-317f880 elementor-section-boxed elementor-section-height-default elementor-section-height-default\" data-id=\"317f880\" data-element_type=\"section\">\n\t\t\t\t\t\t<div class=\"elementor-container elementor-column-gap-no\">\n\t\t\t\t\t<div class=\"elementor-column elementor-col-50 elementor-inner-column elementor-element elementor-element-956b9fd\" data-id=\"956b9fd\" data-element_type=\"column\">\n\t\t\t<div class=\"elementor-widget-wrap elementor-element-populated\">\n\t\t\t\t\t\t\t\t<div class=\"elementor-element elementor-element-92ff506 elementor-invisible elementor-widget elementor-widget-image\" data-id=\"92ff506\" data-element_type=\"widget\" data-settings=\"{&quot;_animation&quot;:&quot;zoomIn&quot;}\" data-widget_type=\"image.default\">\n\t\t\t\t<div class=\"elementor-widget-container\">\n\t\t\t<style>\/*! elementor - v3.13.3 - 28-05-2023 *\/\n.elementor-widget-image{text-align:center}.elementor-widget-image a{display:inline-block}.elementor-widget-image a img[src$=\".svg\"]{width:48px}.elementor-widget-image img{vertical-align:middle;display:inline-block}<\/style>\t\t\t\t\t\t\t\t\t\t\t\t<img loading=\"lazy\" decoding=\"async\" width=\"570\" height=\"584\" src=\"https:\/\/www.travelbrands.com\/wp-content\/uploads\/2023\/03\/2018-03-28-15222499860184sick-kids.jpg\" class=\"attachment-full size-full wp-image-5321\" alt=\"\" srcset=\"https:\/\/www.travelbrands.com\/wp-content\/uploads\/2023\/03\/2018-03-28-15222499860184sick-kids.jpg 570w, https:\/\/www.travelbrands.com\/wp-content\/uploads\/2023\/03\/2018-03-28-15222499860184sick-kids-293x300.jpg 293w\" sizes=\"auto, (max-width: 570px) 100vw, 570px\" \/>\t\t\t\t\t\t\t\t\t\t\t\t\t\t\t<\/div>\n\t\t\t\t<\/div>\n\t\t\t\t\t<\/div>\n\t\t<\/div>\n\t\t\t\t<div class=\"elementor-column elementor-col-50 elementor-inner-column elementor-element elementor-element-fb4b8ff elementor-invisible\" data-id=\"fb4b8ff\" data-element_type=\"column\" data-settings=\"{&quot;background_background&quot;:&quot;classic&quot;,&quot;animation&quot;:&quot;fadeInRight&quot;}\">\n\t\t\t<div class=\"elementor-widget-wrap elementor-element-populated\">\n\t\t\t\t\t\t\t\t<div class=\"elementor-element elementor-element-283c4c4 elementor-widget elementor-widget-gyan_title\" data-id=\"283c4c4\" data-element_type=\"widget\" data-widget_type=\"gyan_title.default\">\n\t\t\t\t<div class=\"elementor-widget-container\">\n\t\t\t\t\t<div class=\"gyan-title\">\r\n\t\t\t<h2 class=\"gyan-title-heading\">Nous sommes fiers d\u2019organiser divers \u00e9v\u00e9nements au long de l\u2019ann\u00e9e pour sensibiliser et r\u00e9colter des fonds pour SickKids.<\/h2>\t\t<\/div>\r\n\t\t\t\t<\/div>\n\t\t\t\t<\/div>\n\t\t\t\t<div class=\"elementor-element elementor-element-13aacec elementor-widget elementor-widget-text-editor\" data-id=\"13aacec\" data-element_type=\"widget\" data-widget_type=\"text-editor.default\">\n\t\t\t\t<div class=\"elementor-widget-container\">\n\t\t\t<style>\/*! elementor - v3.13.3 - 28-05-2023 *\/\n.elementor-widget-text-editor.elementor-drop-cap-view-stacked .elementor-drop-cap{background-color:#69727d;color:#fff}.elementor-widget-text-editor.elementor-drop-cap-view-framed .elementor-drop-cap{color:#69727d;border:3px solid;background-color:transparent}.elementor-widget-text-editor:not(.elementor-drop-cap-view-default) .elementor-drop-cap{margin-top:8px}.elementor-widget-text-editor:not(.elementor-drop-cap-view-default) .elementor-drop-cap-letter{width:1em;height:1em}.elementor-widget-text-editor .elementor-drop-cap{float:left;text-align:center;line-height:1;font-size:50px}.elementor-widget-text-editor .elementor-drop-cap-letter{display:inline-block}<\/style>\t\t\t\t<ul><li>Notre Tournoi de golf annuel de bienfaisance Voyages TravelBrands rassemble plus de 150 fournisseurs, partenaires, agents et employ\u00e9s pour une journ\u00e9e pleine de nourriture, d\u2019amusement et de collecte de fonds.<\/li><li>Notre marche annuelle du personnel de 5 km autour de nos si\u00e8ges sociaux \u00e0 Toronto et \u00e0 Montr\u00e9al qui se termine par un barbecue gratuit pour tous les participants.<\/li><li>De plus, lors de la Journ\u00e9e SickKids, nous nous engageons \u00e0 donner un pourcent de nos ventes \u00e0 la Fondation SickKids.<\/li><li>Notre engagement \u00e0 redonner est une partie essentielle de qui nous sommes en tant qu\u2019entreprise. En appuyant des causes telles que la Fondation SickKids, nous pouvons faire une vraie diff\u00e9rence dans les vies des enfants et des familles dans notre communaut\u00e9.<\/li><li>\u00a0<\/li><\/ul>\t\t\t\t\t\t<\/div>\n\t\t\t\t<\/div>\n\t\t\t\t\t<\/div>\n\t\t<\/div>\n\t\t\t\t\t\t\t<\/div>\n\t\t<\/section>\n\t\t\t\t\t<\/div>\n\t\t<\/div>\n\t\t\t\t\t\t\t<\/div>\n\t\t<\/section>\n\t\t\t\t<section class=\"elementor-section elementor-top-section elementor-element elementor-element-0b5f837 elementor-section-stretched elementor-section-boxed elementor-section-height-default elementor-section-height-default\" data-id=\"0b5f837\" data-element_type=\"section\" data-settings=\"{&quot;stretch_section&quot;:&quot;section-stretched&quot;,&quot;background_background&quot;:&quot;classic&quot;}\">\n\t\t\t\t\t\t<div class=\"elementor-container elementor-column-gap-no\">\n\t\t\t\t\t<div class=\"elementor-column elementor-col-100 elementor-top-column elementor-element elementor-element-16ebb36 elementor-invisible\" data-id=\"16ebb36\" data-element_type=\"column\" data-settings=\"{&quot;animation&quot;:&quot;fadeInLeft&quot;}\">\n\t\t\t<div class=\"elementor-widget-wrap elementor-element-populated\">\n\t\t\t\t\t\t\t\t<div class=\"elementor-element elementor-element-1ae9e3d elementor-widget elementor-widget-gyan_title\" data-id=\"1ae9e3d\" data-element_type=\"widget\" data-widget_type=\"gyan_title.default\">\n\t\t\t\t<div class=\"elementor-widget-container\">\n\t\t\t\t\t<div class=\"gyan-title\">\r\n\t\t\t<h2 class=\"gyan-title-heading\">Milieu de travail<\/h2>\t\t<\/div>\r\n\t\t\t\t<\/div>\n\t\t\t\t<\/div>\n\t\t\t\t<div class=\"elementor-element elementor-element-28c1617 elementor-widget elementor-widget-text-editor\" data-id=\"28c1617\" data-element_type=\"widget\" data-widget_type=\"text-editor.default\">\n\t\t\t\t<div class=\"elementor-widget-container\">\n\t\t\t\t\t\t\tInvestir dans nos employ\u00e9s est la cl\u00e9 pour appuyer les causes qui nous importent. Afin de garantir que nos employ\u00e9s gardent l\u2019enthousiasme par rapport \u00e0 leur travail, nous sommes d\u00e9di\u00e9s \u00e0 cr\u00e9er le meilleur environnement de travail possible d\u2019un oc\u00e9an \u00e0 l\u2019autre.\t\t\t\t\t\t<\/div>\n\t\t\t\t<\/div>\n\t\t\t\t<section class=\"elementor-section elementor-inner-section elementor-element elementor-element-09172a9 elementor-reverse-mobile elementor-section-boxed elementor-section-height-default elementor-section-height-default\" data-id=\"09172a9\" data-element_type=\"section\">\n\t\t\t\t\t\t<div class=\"elementor-container elementor-column-gap-default\">\n\t\t\t\t\t<div class=\"elementor-column elementor-col-50 elementor-inner-column elementor-element elementor-element-4a96d4f elementor-invisible\" data-id=\"4a96d4f\" data-element_type=\"column\" data-settings=\"{&quot;animation&quot;:&quot;fadeInLeft&quot;}\">\n\t\t\t<div class=\"elementor-widget-wrap elementor-element-populated\">\n\t\t\t\t\t\t\t\t<div class=\"elementor-element elementor-element-a76003c elementor-widget elementor-widget-gyan_title\" data-id=\"a76003c\" data-element_type=\"widget\" data-widget_type=\"gyan_title.default\">\n\t\t\t\t<div class=\"elementor-widget-container\">\n\t\t\t\t\t<div class=\"gyan-title\">\r\n\t\t\t<h2 class=\"gyan-title-heading\">Nous offrons:<\/h2>\t\t<\/div>\r\n\t\t\t\t<\/div>\n\t\t\t\t<\/div>\n\t\t\t\t<div class=\"elementor-element elementor-element-55799db elementor-widget elementor-widget-text-editor\" data-id=\"55799db\" data-element_type=\"widget\" data-widget_type=\"text-editor.default\">\n\t\t\t\t<div class=\"elementor-widget-container\">\n\t\t\t\t\t\t\t<ul><li>Forfaits m\u00e9dicaux et dentaires flexibles<\/li><li>R\u00e9gime de contrepartie des REER<\/li><li>Remboursement des frais de scolarit\u00e9<\/li><li>Horaire d\u2019\u00e9t\u00e9<\/li><li>Prix d\u2019excellence<\/li><li>Avantages pour les employ\u00e9s, y compris des rabais sur l\u2019assurance habitation et automobile ainsi que des abonnements \u00e0 Perkopolis et \u00e0 Goodlife Fitness<\/li><li>Programme d\u2019aide aux employ\u00e9s<\/li><li>Comit\u00e9 social<\/li><li>Opportunit\u00e9s de participer \u00e0 des activit\u00e9s caritatives<\/li><\/ul>\t\t\t\t\t\t<\/div>\n\t\t\t\t<\/div>\n\t\t\t\t<div class=\"elementor-element elementor-element-ed310a4 elementor-widget elementor-widget-text-editor\" data-id=\"ed310a4\" data-element_type=\"widget\" data-widget_type=\"text-editor.default\">\n\t\t\t\t<div class=\"elementor-widget-container\">\n\t\t\t\t\t\t\t<p>Chez Voyages TravelBrands, nous croyons qu\u2019en appuyant et en encourageant nos employ\u00e9s, nous pouvons avoir un impact positif sur le monde autour de nous.<\/p>\t\t\t\t\t\t<\/div>\n\t\t\t\t<\/div>\n\t\t\t\t\t<\/div>\n\t\t<\/div>\n\t\t\t\t<div class=\"elementor-column elementor-col-50 elementor-inner-column elementor-element elementor-element-9e45006\" data-id=\"9e45006\" data-element_type=\"column\">\n\t\t\t<div class=\"elementor-widget-wrap elementor-element-populated\">\n\t\t\t\t\t\t\t\t<div class=\"elementor-element elementor-element-00d95a7 elementor-invisible elementor-widget elementor-widget-image\" data-id=\"00d95a7\" data-element_type=\"widget\" data-settings=\"{&quot;_animation&quot;:&quot;zoomIn&quot;}\" data-widget_type=\"image.default\">\n\t\t\t\t<div class=\"elementor-widget-container\">\n\t\t\t\t\t\t\t\t\t\t\t\t\t\t\t<img loading=\"lazy\" decoding=\"async\" width=\"570\" height=\"584\" src=\"https:\/\/www.travelbrands.com\/wp-content\/uploads\/2023\/03\/2018-03-28-15222499861512workplace.jpg\" class=\"attachment-full size-full wp-image-5322\" alt=\"\" srcset=\"https:\/\/www.travelbrands.com\/wp-content\/uploads\/2023\/03\/2018-03-28-15222499861512workplace.jpg 570w, https:\/\/www.travelbrands.com\/wp-content\/uploads\/2023\/03\/2018-03-28-15222499861512workplace-293x300.jpg 293w\" sizes=\"auto, (max-width: 570px) 100vw, 570px\" \/>\t\t\t\t\t\t\t\t\t\t\t\t\t\t\t<\/div>\n\t\t\t\t<\/div>\n\t\t\t\t\t<\/div>\n\t\t<\/div>\n\t\t\t\t\t\t\t<\/div>\n\t\t<\/section>\n\t\t\t\t\t<\/div>\n\t\t<\/div>\n\t\t\t\t\t\t\t<\/div>\n\t\t<\/section>\n\t\t\t\t<section class=\"elementor-section elementor-top-section elementor-element elementor-element-6c72fde elementor-section-stretched elementor-section-boxed elementor-section-height-default elementor-section-height-default\" data-id=\"6c72fde\" data-element_type=\"section\" data-settings=\"{&quot;stretch_section&quot;:&quot;section-stretched&quot;,&quot;background_background&quot;:&quot;classic&quot;}\">\n\t\t\t\t\t\t<div class=\"elementor-container elementor-column-gap-no\">\n\t\t\t\t\t<div class=\"elementor-column elementor-col-100 elementor-top-column elementor-element elementor-element-25ebfab elementor-invisible\" data-id=\"25ebfab\" data-element_type=\"column\" data-settings=\"{&quot;animation&quot;:&quot;fadeInRight&quot;}\">\n\t\t\t<div class=\"elementor-widget-wrap elementor-element-populated\">\n\t\t\t\t\t\t\t\t<div class=\"elementor-element elementor-element-f440305 elementor-widget elementor-widget-gyan_title\" data-id=\"f440305\" data-element_type=\"widget\" data-widget_type=\"gyan_title.default\">\n\t\t\t\t<div class=\"elementor-widget-container\">\n\t\t\t\t\t<div class=\"gyan-title\">\r\n\t\t\t<h2 class=\"gyan-title-heading\">Durabilit\u00e9<\/h2>\t\t<\/div>\r\n\t\t\t\t<\/div>\n\t\t\t\t<\/div>\n\t\t\t\t<div class=\"elementor-element elementor-element-c483363 elementor-widget elementor-widget-text-editor\" data-id=\"c483363\" data-element_type=\"widget\" data-widget_type=\"text-editor.default\">\n\t\t\t\t<div class=\"elementor-widget-container\">\n\t\t\t\t\t\t\t<p>Chez Voyages TravelBrands, nous sommes passionn\u00e9s par la r\u00e9duction de notre impact environnemental et par la promotion de la durabilit\u00e9 dans l\u2019industrie du voyage. Pour accomplir ceci, nous avons mis en \u0153uvre de nombreuses initiatives et cherchons toujours des mani\u00e8res d\u2019am\u00e9liorer.<\/p>\t\t\t\t\t\t<\/div>\n\t\t\t\t<\/div>\n\t\t\t\t<section class=\"elementor-section elementor-inner-section elementor-element elementor-element-b831301 elementor-section-content-middle elementor-section-boxed elementor-section-height-default elementor-section-height-default\" data-id=\"b831301\" data-element_type=\"section\">\n\t\t\t\t\t\t<div class=\"elementor-container elementor-column-gap-default\">\n\t\t\t\t\t<div class=\"elementor-column elementor-col-50 elementor-inner-column elementor-element elementor-element-fedb6a9\" data-id=\"fedb6a9\" data-element_type=\"column\">\n\t\t\t<div class=\"elementor-widget-wrap elementor-element-populated\">\n\t\t\t\t\t\t\t\t<div class=\"elementor-element elementor-element-4d9e632 elementor-invisible elementor-widget elementor-widget-image\" data-id=\"4d9e632\" data-element_type=\"widget\" data-settings=\"{&quot;_animation&quot;:&quot;zoomIn&quot;}\" data-widget_type=\"image.default\">\n\t\t\t\t<div class=\"elementor-widget-container\">\n\t\t\t\t\t\t\t\t\t\t\t\t\t\t\t<img loading=\"lazy\" decoding=\"async\" width=\"570\" height=\"584\" src=\"https:\/\/www.travelbrands.com\/wp-content\/uploads\/2023\/03\/2018-03-28-15222499862114sustainability.jpg\" class=\"attachment-full size-full wp-image-5319\" alt=\"\" srcset=\"https:\/\/www.travelbrands.com\/wp-content\/uploads\/2023\/03\/2018-03-28-15222499862114sustainability.jpg 570w, https:\/\/www.travelbrands.com\/wp-content\/uploads\/2023\/03\/2018-03-28-15222499862114sustainability-293x300.jpg 293w\" sizes=\"auto, (max-width: 570px) 100vw, 570px\" \/>\t\t\t\t\t\t\t\t\t\t\t\t\t\t\t<\/div>\n\t\t\t\t<\/div>\n\t\t\t\t\t<\/div>\n\t\t<\/div>\n\t\t\t\t<div class=\"elementor-column elementor-col-50 elementor-inner-column elementor-element elementor-element-a9dcc32 elementor-invisible\" data-id=\"a9dcc32\" data-element_type=\"column\" data-settings=\"{&quot;animation&quot;:&quot;fadeInRight&quot;}\">\n\t\t\t<div class=\"elementor-widget-wrap elementor-element-populated\">\n\t\t\t\t\t\t\t\t<div class=\"elementor-element elementor-element-922dbb0 elementor-widget elementor-widget-gyan_title\" data-id=\"922dbb0\" data-element_type=\"widget\" data-widget_type=\"gyan_title.default\">\n\t\t\t\t<div class=\"elementor-widget-container\">\n\t\t\t\t\t<div class=\"gyan-title\">\r\n\t\t\t<h2 class=\"gyan-title-heading\">Voici quelques-unes des fa\u00e7ons que nous travaillons vers un futur plus durable:<\/h2>\t\t<\/div>\r\n\t\t\t\t<\/div>\n\t\t\t\t<\/div>\n\t\t\t\t<div class=\"elementor-element elementor-element-20bf8e3 elementor-widget elementor-widget-text-editor\" data-id=\"20bf8e3\" data-element_type=\"widget\" data-widget_type=\"text-editor.default\">\n\t\t\t\t<div class=\"elementor-widget-container\">\n\t\t\t\t\t\t\t<ul><li>Recyclage\u00a0: Nous avons \u00e9tabli un programme complet de recyclage dans tous nos bureaux, encourageant ainsi les employ\u00e9s \u00e0 r\u00e9duire le gaspillage et \u00e0 recycler l\u00e0 o\u00f9 possible.<\/li><li>Pratiques sans papier\u00a0: Nous avons r\u00e9duit notre utilisation de papier en mettant en \u0153uvre des outils num\u00e9riques et des options sans papier pour les spectacles et les \u00e9v\u00e9nements.<\/li><li>Impression centralis\u00e9e\u00a0: Afin de minimiser notre empreinte environnementale, nous avons centralis\u00e9 nos pratiques d\u2019impression et utilisons de l\u2019encre et des options de papier \u00e9cologiques.<\/li><\/ul>\t\t\t\t\t\t<\/div>\n\t\t\t\t<\/div>\n\t\t\t\t<div class=\"elementor-element elementor-element-408c61c elementor-widget elementor-widget-text-editor\" data-id=\"408c61c\" data-element_type=\"widget\" data-widget_type=\"text-editor.default\">\n\t\t\t\t<div class=\"elementor-widget-container\">\n\t\t\t\t\t\t\t<p>Nous nous engageons \u00e0 examiner r\u00e9guli\u00e8rement nos pratiques en mati\u00e8re de durabilit\u00e9 et \u00e0 chercher des solutions innovantes pour avoir un impact positif sur la plan\u00e8te.<\/p>\t\t\t\t\t\t<\/div>\n\t\t\t\t<\/div>\n\t\t\t\t\t<\/div>\n\t\t<\/div>\n\t\t\t\t\t\t\t<\/div>\n\t\t<\/section>\n\t\t\t\t\t<\/div>\n\t\t<\/div>\n\t\t\t\t\t\t\t<\/div>\n\t\t<\/section>\n\t\t\t\t\t\t\t<\/div>\n\t\t","protected":false},"excerpt":{"rendered":"<p>Responsabilit\u00e9 sociale des entreprises En tant qu\u2019\u00e9quipe, Voyages TravelBrands s\u2019efforce d\u2019aller au-del\u00e0 des objectifs commerciaux et contribue sa force motrice aux initiatives qui rendent notre monde meilleur. Voyages TravelBrands concentre ses efforts sur le rapprochement des gens afin d\u2019avoir un impact positif dans la mesure du possible. NOUS JOINDRE Soins [&hellip;]<\/p>\n","protected":false},"author":1,"featured_media":0,"parent":0,"menu_order":0,"comment_status":"closed","ping_status":"closed","template":"elementor_header_footer","meta":{"footnotes":""},"class_list":["post-6012","page","type-page","status-publish","hentry"],"_links":{"self":[{"href":"https:\/\/www.travelbrands.com\/fr\/wp-json\/wp\/v2\/pages\/6012","targetHints":{"allow":["GET"]}}],"collection":[{"href":"https:\/\/www.travelbrands.com\/fr\/wp-json\/wp\/v2\/pages"}],"about":[{"href":"https:\/\/www.travelbrands.com\/fr\/wp-json\/wp\/v2\/types\/page"}],"author":[{"embeddable":true,"href":"https:\/\/www.travelbrands.com\/fr\/wp-json\/wp\/v2\/users\/1"}],"replies":[{"embeddable":true,"href":"https:\/\/www.travelbrands.com\/fr\/wp-json\/wp\/v2\/comments?post=6012"}],"version-history":[{"count":14,"href":"https:\/\/www.travelbrands.com\/fr\/wp-json\/wp\/v2\/pages\/6012\/revisions"}],"predecessor-version":[{"id":6026,"href":"https:\/\/www.travelbrands.com\/fr\/wp-json\/wp\/v2\/pages\/6012\/revisions\/6026"}],"wp:attachment":[{"href":"https:\/\/www.travelbrands.com\/fr\/wp-json\/wp\/v2\/media?parent=6012"}],"curies":[{"name":"wp","href":"https:\/\/api.w.org\/{rel}","templated":true}]}}