{"id":6083,"date":"2023-03-17T06:10:45","date_gmt":"2023-03-17T06:10:45","guid":{"rendered":"https:\/\/preprod.travelbrands.com\/terms-conditions\/"},"modified":"2025-01-04T02:25:38","modified_gmt":"2025-01-04T02:25:38","slug":"conditions","status":"publish","type":"page","link":"https:\/\/www.travelbrands.com\/fr\/conditions\/","title":{"rendered":"Conditions"},"content":{"rendered":"\t\t<div data-elementor-type=\"wp-page\" data-elementor-id=\"6083\" class=\"elementor elementor-6083 elementor-2836\">\n\t\t\t\t\t\t\t\t\t<section class=\"elementor-section elementor-top-section elementor-element elementor-element-31e82332 elementor-section-stretched elementor-section-content-middle elementor-hidden-desktop elementor-hidden-tablet elementor-hidden-mobile elementor-section-boxed elementor-section-height-default elementor-section-height-default\" data-id=\"31e82332\" data-element_type=\"section\" data-settings=\"{&quot;stretch_section&quot;:&quot;section-stretched&quot;,&quot;background_background&quot;:&quot;classic&quot;}\">\n\t\t\t\t\t\t\t<div class=\"elementor-background-overlay\"><\/div>\n\t\t\t\t\t\t\t<div class=\"elementor-container elementor-column-gap-no\">\n\t\t\t\t\t<div class=\"elementor-column elementor-col-50 elementor-top-column elementor-element elementor-element-277e46e\" data-id=\"277e46e\" data-element_type=\"column\">\n\t\t\t<div class=\"elementor-widget-wrap elementor-element-populated\">\n\t\t\t\t\t\t\t\t<div class=\"elementor-element elementor-element-f3e00e8 elementor-invisible elementor-widget elementor-widget-image\" data-id=\"f3e00e8\" data-element_type=\"widget\" data-settings=\"{&quot;_animation&quot;:&quot;zoomIn&quot;}\" data-widget_type=\"image.default\">\n\t\t\t\t<div class=\"elementor-widget-container\">\n\t\t\t<style>\/*! elementor - v3.13.3 - 28-05-2023 *\/\n.elementor-widget-image{text-align:center}.elementor-widget-image a{display:inline-block}.elementor-widget-image a img[src$=\".svg\"]{width:48px}.elementor-widget-image img{vertical-align:middle;display:inline-block}<\/style>\t\t\t\t\t\t\t\t\t\t\t\t<img loading=\"lazy\" decoding=\"async\" width=\"2560\" height=\"1920\" src=\"https:\/\/www.travelbrands.com\/wp-content\/uploads\/2023\/03\/terms-conditions-scaled.jpg\" class=\"attachment-full size-full wp-image-5323\" alt=\"\" srcset=\"https:\/\/www.travelbrands.com\/wp-content\/uploads\/2023\/03\/terms-conditions-scaled.jpg 2560w, https:\/\/www.travelbrands.com\/wp-content\/uploads\/2023\/03\/terms-conditions-300x225.jpg 300w, https:\/\/www.travelbrands.com\/wp-content\/uploads\/2023\/03\/terms-conditions-1024x768.jpg 1024w, https:\/\/www.travelbrands.com\/wp-content\/uploads\/2023\/03\/terms-conditions-768x576.jpg 768w, https:\/\/www.travelbrands.com\/wp-content\/uploads\/2023\/03\/terms-conditions-1536x1152.jpg 1536w, https:\/\/www.travelbrands.com\/wp-content\/uploads\/2023\/03\/terms-conditions-2048x1536.jpg 2048w\" sizes=\"auto, (max-width: 2560px) 100vw, 2560px\" \/>\t\t\t\t\t\t\t\t\t\t\t\t\t\t\t<\/div>\n\t\t\t\t<\/div>\n\t\t\t\t\t<\/div>\n\t\t<\/div>\n\t\t\t\t<div class=\"elementor-column elementor-col-50 elementor-top-column elementor-element elementor-element-175e51b\" data-id=\"175e51b\" data-element_type=\"column\">\n\t\t\t<div class=\"elementor-widget-wrap elementor-element-populated\">\n\t\t\t\t\t\t\t\t<div class=\"elementor-element elementor-element-08e461b elementor-invisible elementor-widget elementor-widget-gyan_animated_text\" data-id=\"08e461b\" data-element_type=\"widget\" data-settings=\"{&quot;_animation&quot;:&quot;fadeInDown&quot;}\" data-widget_type=\"gyan_animated_text.default\">\n\t\t\t\t<div class=\"elementor-widget-container\">\n\t\t\t\t\t<div class=\"gyan-animated-text\"\r\n\t\tdata-animated-text=\"Conditions@@\"\r\n\t\tdata-anim=\"typing\"\r\n\t\tdata-speed=\"100\"\r\n\t\tdata-delay=\"2000\"\r\n\t\tdata-cursor=\"yes\"\r\n\t\tdata-loop=\"yes\">\r\n\t\t\t<h2 class=\"gyan-animated-text-tag\"><span class=\"gyan-animated-text-prefix\">Terms &amp;<\/span> <span class=\"gyan-animated-text-strings\">Conditions<\/span> <\/h2>\r\n\t\t<\/div><!-- .gyan-animated-text -->\r\n\t\t\t\t<\/div>\n\t\t\t\t<\/div>\n\t\t\t\t<div class=\"elementor-element elementor-element-7f5cebe elementor-invisible elementor-widget elementor-widget-heading\" data-id=\"7f5cebe\" data-element_type=\"widget\" data-settings=\"{&quot;_animation&quot;:&quot;fadeInUp&quot;}\" data-widget_type=\"heading.default\">\n\t\t\t\t<div class=\"elementor-widget-container\">\n\t\t\t<style>\/*! elementor - v3.13.3 - 28-05-2023 *\/\n.elementor-heading-title{padding:0;margin:0;line-height:1}.elementor-widget-heading .elementor-heading-title[class*=elementor-size-]>a{color:inherit;font-size:inherit;line-height:inherit}.elementor-widget-heading .elementor-heading-title.elementor-size-small{font-size:15px}.elementor-widget-heading .elementor-heading-title.elementor-size-medium{font-size:19px}.elementor-widget-heading .elementor-heading-title.elementor-size-large{font-size:29px}.elementor-widget-heading .elementor-heading-title.elementor-size-xl{font-size:39px}.elementor-widget-heading .elementor-heading-title.elementor-size-xxl{font-size:59px}<\/style><h2 class=\"elementor-heading-title elementor-size-default\">Please click <a href=\"https:\/\/travelbrands.dev.tbidevelopment.ca\/wp-content\/uploads\/2023\/03\/TravelBrands-TCs-updated-EN-July2021.pdf\" target=\"_blank\" style=\"color:#D83030;\">HERE<\/a> to read our terms and conditions in their entirety.<\/h2>\t\t<\/div>\n\t\t\t\t<\/div>\n\t\t\t\t\t<\/div>\n\t\t<\/div>\n\t\t\t\t\t\t\t<\/div>\n\t\t<\/section>\n\t\t\t\t<section class=\"elementor-section elementor-top-section elementor-element elementor-element-cf0e999 elementor-section-stretched elementor-section-content-top elementor-section-boxed elementor-section-height-default elementor-section-height-default\" data-id=\"cf0e999\" data-element_type=\"section\" data-settings=\"{&quot;stretch_section&quot;:&quot;section-stretched&quot;,&quot;background_background&quot;:&quot;classic&quot;}\">\n\t\t\t\t\t\t\t<div class=\"elementor-background-overlay\"><\/div>\n\t\t\t\t\t\t\t<div class=\"elementor-container elementor-column-gap-no\">\n\t\t\t\t\t<div class=\"elementor-column elementor-col-100 elementor-top-column elementor-element elementor-element-1eb4614 elementor-invisible\" data-id=\"1eb4614\" data-element_type=\"column\" data-settings=\"{&quot;animation&quot;:&quot;fadeInUp&quot;}\">\n\t\t\t<div class=\"elementor-widget-wrap elementor-element-populated\">\n\t\t\t\t\t\t\t\t<div class=\"elementor-element elementor-element-8b4b9f2 elementor-widget elementor-widget-gyan_animated_text\" data-id=\"8b4b9f2\" data-element_type=\"widget\" data-widget_type=\"gyan_animated_text.default\">\n\t\t\t\t<div class=\"elementor-widget-container\">\n\t\t\t\t\t<div class=\"gyan-animated-text\"\r\n\t\tdata-animated-text=\"confidentialit\u00e9@@\"\r\n\t\tdata-anim=\"typing\"\r\n\t\tdata-speed=\"100\"\r\n\t\tdata-delay=\"2000\"\r\n\t\tdata-cursor=\"yes\"\r\n\t\tdata-loop=\"yes\">\r\n\t\t\t<h2 class=\"gyan-animated-text-tag\"><span class=\"gyan-animated-text-prefix\">Politique de <\/span> <span class=\"gyan-animated-text-strings\">confidentialit\u00e9<\/span> <\/h2>\r\n\t\t<\/div><!-- .gyan-animated-text -->\r\n\t\t\t\t<\/div>\n\t\t\t\t<\/div>\n\t\t\t\t<div class=\"elementor-element elementor-element-8d70701 elementor-invisible elementor-widget elementor-widget-text-editor\" data-id=\"8d70701\" data-element_type=\"widget\" data-settings=\"{&quot;_animation&quot;:&quot;fadeInUp&quot;}\" data-widget_type=\"text-editor.default\">\n\t\t\t\t<div class=\"elementor-widget-container\">\n\t\t\t<style>\/*! elementor - v3.13.3 - 28-05-2023 *\/\n.elementor-widget-text-editor.elementor-drop-cap-view-stacked .elementor-drop-cap{background-color:#69727d;color:#fff}.elementor-widget-text-editor.elementor-drop-cap-view-framed .elementor-drop-cap{color:#69727d;border:3px solid;background-color:transparent}.elementor-widget-text-editor:not(.elementor-drop-cap-view-default) .elementor-drop-cap{margin-top:8px}.elementor-widget-text-editor:not(.elementor-drop-cap-view-default) .elementor-drop-cap-letter{width:1em;height:1em}.elementor-widget-text-editor .elementor-drop-cap{float:left;text-align:center;line-height:1;font-size:50px}.elementor-widget-text-editor .elementor-drop-cap-letter{display:inline-block}<\/style>\t\t\t\t<p>VTBI adh\u00e8re \u00e0 la Loi sur la protection des renseignements personnels et les documents \u00e9lectroniques\u00a0(LPRDE) qui est entr\u00e9e en vigueur en janvier 2004. <a style=\"color: #d83030;\" href=\"https:\/\/www.travelbrands.com\/wp-content\/uploads\/2025\/01\/AW-47589-Master-Terms-Conditions-SEP-20-2024-F.pdf\">Une copie de notre politique<\/a> est disponible sur notre (nos) site(s) web ou en contactant notre Bureau de protection de la vie priv\u00e9e \u00e0 l\u2019adresse ci-dessous.<\/p><p>5343 Dundas Street West, 4th Floor Toronto, Ontario, M9B 6K5<\/p><p>Num\u00e9ro d\u2019enregistrement de l\u2019Ont.\u00a0: 50012702<\/p><p>1050 Pender St. W., Suite 2200 Vancouver, B.C. V6E 3S7<br \/>Num\u00e9ro d\u2019enregistrement de la C-B: 3597<\/p><p>2100 Rue Drummond<\/p><p>Montr\u00e9al, Quebec, H3G 1X1<br \/>Num\u00e9ro d\u2019enregistrement du Qu\u00e9bec: 702734<\/p>\t\t\t\t\t\t<\/div>\n\t\t\t\t<\/div>\n\t\t\t\t\t<\/div>\n\t\t<\/div>\n\t\t\t\t\t\t\t<\/div>\n\t\t<\/section>\n\t\t\t\t\t\t\t<\/div>\n\t\t","protected":false},"excerpt":{"rendered":"<p>Terms &amp; Conditions Please click HERE to read our terms and conditions in their entirety. Politique de confidentialit\u00e9 VTBI adh\u00e8re \u00e0 la Loi sur la protection des renseignements personnels et les documents \u00e9lectroniques\u00a0(LPRDE) qui est entr\u00e9e en vigueur en janvier 2004. Une copie de notre politique est disponible sur notre [&hellip;]<\/p>\n","protected":false},"author":1,"featured_media":5372,"parent":0,"menu_order":0,"comment_status":"closed","ping_status":"closed","template":"elementor_header_footer","meta":{"footnotes":""},"class_list":["post-6083","page","type-page","status-publish","has-post-thumbnail","hentry"],"_links":{"self":[{"href":"https:\/\/www.travelbrands.com\/fr\/wp-json\/wp\/v2\/pages\/6083","targetHints":{"allow":["GET"]}}],"collection":[{"href":"https:\/\/www.travelbrands.com\/fr\/wp-json\/wp\/v2\/pages"}],"about":[{"href":"https:\/\/www.travelbrands.com\/fr\/wp-json\/wp\/v2\/types\/page"}],"author":[{"embeddable":true,"href":"https:\/\/www.travelbrands.com\/fr\/wp-json\/wp\/v2\/users\/1"}],"replies":[{"embeddable":true,"href":"https:\/\/www.travelbrands.com\/fr\/wp-json\/wp\/v2\/comments?post=6083"}],"version-history":[{"count":21,"href":"https:\/\/www.travelbrands.com\/fr\/wp-json\/wp\/v2\/pages\/6083\/revisions"}],"predecessor-version":[{"id":6157,"href":"https:\/\/www.travelbrands.com\/fr\/wp-json\/wp\/v2\/pages\/6083\/revisions\/6157"}],"wp:featuredmedia":[{"embeddable":true,"href":"https:\/\/www.travelbrands.com\/fr\/wp-json\/wp\/v2\/media\/5372"}],"wp:attachment":[{"href":"https:\/\/www.travelbrands.com\/fr\/wp-json\/wp\/v2\/media?parent=6083"}],"curies":[{"name":"wp","href":"https:\/\/api.w.org\/{rel}","templated":true}]}}